{"id":4357,"date":"2026-03-17T17:49:14","date_gmt":"2026-03-17T17:49:14","guid":{"rendered":"https:\/\/www.comprarpollastreecologic.com\/producte\/carcasa-de-pollo-ecologico-debosc-cortada-2-partes\/"},"modified":"2026-03-17T18:19:20","modified_gmt":"2026-03-17T18:19:20","slug":"carcasa-de-pollo-ecologico-debosc-cortada-2-partes","status":"publish","type":"product","link":"https:\/\/www.comprarpollastreecologic.com\/es\/producte\/carcasa-de-pollo-ecologico-debosc-cortada-2-partes\/","title":{"rendered":"Carcasa de pollo ecol\u00f3gico Debosc cortada (2 partes)"},"content":{"rendered":"<p data-start=\"662\" data-end=\"742\">Esta carcasa de pollo ecol\u00f3gico Debosc se entrega cortada en dos partes:<\/p>\n<p data-start=\"746\" data-end=\"794\">Tienen alto aporte de col\u00e1geno y\u00a0 es rica en sabor<\/p>\n<p data-start=\"850\" data-end=\"952\">Este formato facilita su uso en la cocina y permite aprovechar mejor todo el producto para caldos.<\/p>\n<p data-start=\"954\" data-end=\"1217\">Los pollos Debosc se cr\u00edan en los bosques de Girona, con acceso al bosque las 24 horas, alimentaci\u00f3n ecol\u00f3gica certificada y sin uso de medicamentos preventivos. Esto se traduce en una carne y una carcasa con mayor estructura, m\u00e1s gelatina natural y un sabor m\u00e1s intenso.<\/p>\n<p data-start=\"1219\" data-end=\"1261\">Es un producto especialmente indicado por:<\/p>\n<ul data-start=\"1262\" data-end=\"1346\">\n<li data-section-id=\"toqdtr\" data-start=\"1262\" data-end=\"1280\">\n<p data-start=\"1264\" data-end=\"1280\">caldos caseros<\/p>\n<\/li>\n<li data-section-id=\"v1gsc1\" data-start=\"1281\" data-end=\"1301\">\n<p data-start=\"1283\" data-end=\"1301\">caldos nutritivos<\/p>\n<\/li>\n<li data-section-id=\"13acodb\" data-start=\"1302\" data-end=\"1320\">\n<p data-start=\"1304\" data-end=\"1320\">bases de cocina<\/p>\n<\/li>\n<li data-section-id=\"9epdhf\" data-start=\"1321\" data-end=\"1346\">\n<p data-start=\"1323\" data-end=\"1346\">alimentaci\u00f3n saludable<\/p>\n<\/li>\n<\/ul>\n<p data-start=\"1348\" data-end=\"1440\">Debosc es mucho m\u00e1s que ecol\u00f3gico: producci\u00f3n real, sin residuos y con respeto por el territorio.<\/p>\n","protected":false},"excerpt":{"rendered":"<p>Carcasa de pollo ecol\u00f3gico Debosc cortada en dos partes. <strong data-start=\"292\" data-end=\"320\">Peso aproximado: 0,8 kg.<\/strong> Ideal para caldos ricos y gelatinosos.<\/p>\n","protected":false},"featured_media":4355,"comment_status":"open","ping_status":"closed","template":"","meta":[],"product_brand":[],"product_cat":[76],"product_tag":[172,171,174,173,175,126,103],"class_list":{"0":"post-4357","1":"product","2":"type-product","3":"status-publish","4":"has-post-thumbnail","6":"product_cat-pollo","7":"product_tag-caldo-es-2","8":"product_tag-caldo-es","9":"product_tag-caldo-de-pollo","10":"product_tag-carcanada-es-2","11":"product_tag-carcassa-es","12":"product_tag-girona","13":"product_tag-pollo-ecologico","15":"first","16":"instock","17":"taxable","18":"shipping-taxable","19":"purchasable","20":"product-type-simple"},"yoast_head":"<!-- This site is optimized with the Yoast SEO plugin v25.0 - https:\/\/yoast.com\/wordpress\/plugins\/seo\/ -->\n<title>Carcasa pollo ecol\u00f3gico Gerona | Debosc<\/title>\n<meta name=\"description\" content=\"carcasa pollo ecol\u00f3gico Girona. Pollo criado en el bosque 24h en libertad, sin medicamentos ni residuos. Ideal para caldos intensos y naturales. Debosque.\" \/>\n<meta name=\"robots\" content=\"index, follow, max-snippet:-1, max-image-preview:large, max-video-preview:-1\" \/>\n<link rel=\"canonical\" href=\"https:\/\/www.comprarpollastreecologic.com\/es\/producte\/carcasa-de-pollo-ecologico-debosc-cortada-2-partes\/\" \/>\n<meta property=\"og:locale\" content=\"es_ES\" \/>\n<meta property=\"og:type\" content=\"article\" \/>\n<meta property=\"og:title\" content=\"Carcasa pollo ecol\u00f3gico Gerona | Debosc\" \/>\n<meta property=\"og:description\" content=\"carcasa pollo ecol\u00f3gico Girona. Pollo criado en el bosque 24h en libertad, sin medicamentos ni residuos. Ideal para caldos intensos y naturales. Debosque.\" \/>\n<meta property=\"og:url\" content=\"https:\/\/www.comprarpollastreecologic.com\/es\/producte\/carcasa-de-pollo-ecologico-debosc-cortada-2-partes\/\" \/>\n<meta property=\"og:site_name\" content=\"Debosc - Agroecologia conscient\" \/>\n<meta property=\"article:modified_time\" content=\"2026-03-17T18:19:20+00:00\" \/>\n<meta property=\"og:image\" content=\"https:\/\/www.comprarpollastreecologic.com\/wp-content\/uploads\/2026\/03\/CARCASSA-POLLASTRE.png\" \/>\n\t<meta property=\"og:image:width\" content=\"1024\" \/>\n\t<meta property=\"og:image:height\" content=\"1024\" \/>\n\t<meta property=\"og:image:type\" content=\"image\/png\" \/>\n<meta name=\"twitter:card\" content=\"summary_large_image\" \/>\n<meta name=\"twitter:label1\" content=\"Tiempo de lectura\" \/>\n\t<meta name=\"twitter:data1\" content=\"1 minuto\" \/>\n<script type=\"application\/ld+json\" class=\"yoast-schema-graph\">{\"@context\":\"https:\/\/schema.org\",\"@graph\":[{\"@type\":\"WebPage\",\"@id\":\"https:\/\/www.comprarpollastreecologic.com\/es\/producte\/carcasa-de-pollo-ecologico-debosc-cortada-2-partes\/\",\"url\":\"https:\/\/www.comprarpollastreecologic.com\/es\/producte\/carcasa-de-pollo-ecologico-debosc-cortada-2-partes\/\",\"name\":\"Carcasa pollo ecol\u00f3gico Gerona | Debosc\",\"isPartOf\":{\"@id\":\"https:\/\/www.comprarpollastreecologic.com\/#website\"},\"primaryImageOfPage\":{\"@id\":\"https:\/\/www.comprarpollastreecologic.com\/es\/producte\/carcasa-de-pollo-ecologico-debosc-cortada-2-partes\/#primaryimage\"},\"image\":{\"@id\":\"https:\/\/www.comprarpollastreecologic.com\/es\/producte\/carcasa-de-pollo-ecologico-debosc-cortada-2-partes\/#primaryimage\"},\"thumbnailUrl\":\"https:\/\/www.comprarpollastreecologic.com\/wp-content\/uploads\/2026\/03\/CARCASSA-POLLASTRE.png\",\"datePublished\":\"2026-03-17T17:49:14+00:00\",\"dateModified\":\"2026-03-17T18:19:20+00:00\",\"description\":\"carcasa pollo ecol\u00f3gico Girona. Pollo criado en el bosque 24h en libertad, sin medicamentos ni residuos. Ideal para caldos intensos y naturales. Debosque.\",\"breadcrumb\":{\"@id\":\"https:\/\/www.comprarpollastreecologic.com\/es\/producte\/carcasa-de-pollo-ecologico-debosc-cortada-2-partes\/#breadcrumb\"},\"inLanguage\":\"es\",\"potentialAction\":[{\"@type\":\"ReadAction\",\"target\":[\"https:\/\/www.comprarpollastreecologic.com\/es\/producte\/carcasa-de-pollo-ecologico-debosc-cortada-2-partes\/\"]}]},{\"@type\":\"ImageObject\",\"inLanguage\":\"es\",\"@id\":\"https:\/\/www.comprarpollastreecologic.com\/es\/producte\/carcasa-de-pollo-ecologico-debosc-cortada-2-partes\/#primaryimage\",\"url\":\"https:\/\/www.comprarpollastreecologic.com\/wp-content\/uploads\/2026\/03\/CARCASSA-POLLASTRE.png\",\"contentUrl\":\"https:\/\/www.comprarpollastreecologic.com\/wp-content\/uploads\/2026\/03\/CARCASSA-POLLASTRE.png\",\"width\":1024,\"height\":1024,\"caption\":\"carcasa de pollo ecol\u00f3gico cortada en dos partes Girona Debosc\"},{\"@type\":\"BreadcrumbList\",\"@id\":\"https:\/\/www.comprarpollastreecologic.com\/es\/producte\/carcasa-de-pollo-ecologico-debosc-cortada-2-partes\/#breadcrumb\",\"itemListElement\":[{\"@type\":\"ListItem\",\"position\":1,\"name\":\"Inici\",\"item\":\"https:\/\/www.comprarpollastreecologic.com\/es\/home\/\"},{\"@type\":\"ListItem\",\"position\":2,\"name\":\"Tienda\",\"item\":\"https:\/\/www.comprarpollastreecologic.com\/es\/tienda\/\"},{\"@type\":\"ListItem\",\"position\":3,\"name\":\"Carcasa de pollo ecol\u00f3gico Debosc cortada (2 partes)\"}]},{\"@type\":\"WebSite\",\"@id\":\"https:\/\/www.comprarpollastreecologic.com\/#website\",\"url\":\"https:\/\/www.comprarpollastreecologic.com\/\",\"name\":\"Debosc - Agroecologia conscient\",\"description\":\"Pollastres ecol\u00f2gics criats dins del bosc\",\"potentialAction\":[{\"@type\":\"SearchAction\",\"target\":{\"@type\":\"EntryPoint\",\"urlTemplate\":\"https:\/\/www.comprarpollastreecologic.com\/?s={search_term_string}\"},\"query-input\":{\"@type\":\"PropertyValueSpecification\",\"valueRequired\":true,\"valueName\":\"search_term_string\"}}],\"inLanguage\":\"es\"}]}<\/script>\n<!-- \/ Yoast SEO plugin. -->","yoast_head_json":{"title":"Carcasa pollo ecol\u00f3gico Gerona | Debosc","description":"carcasa pollo ecol\u00f3gico Girona. Pollo criado en el bosque 24h en libertad, sin medicamentos ni residuos. Ideal para caldos intensos y naturales. Debosque.","robots":{"index":"index","follow":"follow","max-snippet":"max-snippet:-1","max-image-preview":"max-image-preview:large","max-video-preview":"max-video-preview:-1"},"canonical":"https:\/\/www.comprarpollastreecologic.com\/es\/producte\/carcasa-de-pollo-ecologico-debosc-cortada-2-partes\/","og_locale":"es_ES","og_type":"article","og_title":"Carcasa pollo ecol\u00f3gico Gerona | Debosc","og_description":"carcasa pollo ecol\u00f3gico Girona. Pollo criado en el bosque 24h en libertad, sin medicamentos ni residuos. Ideal para caldos intensos y naturales. Debosque.","og_url":"https:\/\/www.comprarpollastreecologic.com\/es\/producte\/carcasa-de-pollo-ecologico-debosc-cortada-2-partes\/","og_site_name":"Debosc - Agroecologia conscient","article_modified_time":"2026-03-17T18:19:20+00:00","og_image":[{"url":"https:\/\/www.comprarpollastreecologic.com\/wp-content\/uploads\/2026\/03\/CARCASSA-POLLASTRE.png","width":1024,"height":1024,"type":"image\/png"}],"twitter_card":"summary_large_image","twitter_misc":{"Tiempo de lectura":"1 minuto"},"schema":{"@context":"https:\/\/schema.org","@graph":[{"@type":"WebPage","@id":"https:\/\/www.comprarpollastreecologic.com\/es\/producte\/carcasa-de-pollo-ecologico-debosc-cortada-2-partes\/","url":"https:\/\/www.comprarpollastreecologic.com\/es\/producte\/carcasa-de-pollo-ecologico-debosc-cortada-2-partes\/","name":"Carcasa pollo ecol\u00f3gico Gerona | Debosc","isPartOf":{"@id":"https:\/\/www.comprarpollastreecologic.com\/#website"},"primaryImageOfPage":{"@id":"https:\/\/www.comprarpollastreecologic.com\/es\/producte\/carcasa-de-pollo-ecologico-debosc-cortada-2-partes\/#primaryimage"},"image":{"@id":"https:\/\/www.comprarpollastreecologic.com\/es\/producte\/carcasa-de-pollo-ecologico-debosc-cortada-2-partes\/#primaryimage"},"thumbnailUrl":"https:\/\/www.comprarpollastreecologic.com\/wp-content\/uploads\/2026\/03\/CARCASSA-POLLASTRE.png","datePublished":"2026-03-17T17:49:14+00:00","dateModified":"2026-03-17T18:19:20+00:00","description":"carcasa pollo ecol\u00f3gico Girona. Pollo criado en el bosque 24h en libertad, sin medicamentos ni residuos. Ideal para caldos intensos y naturales. Debosque.","breadcrumb":{"@id":"https:\/\/www.comprarpollastreecologic.com\/es\/producte\/carcasa-de-pollo-ecologico-debosc-cortada-2-partes\/#breadcrumb"},"inLanguage":"es","potentialAction":[{"@type":"ReadAction","target":["https:\/\/www.comprarpollastreecologic.com\/es\/producte\/carcasa-de-pollo-ecologico-debosc-cortada-2-partes\/"]}]},{"@type":"ImageObject","inLanguage":"es","@id":"https:\/\/www.comprarpollastreecologic.com\/es\/producte\/carcasa-de-pollo-ecologico-debosc-cortada-2-partes\/#primaryimage","url":"https:\/\/www.comprarpollastreecologic.com\/wp-content\/uploads\/2026\/03\/CARCASSA-POLLASTRE.png","contentUrl":"https:\/\/www.comprarpollastreecologic.com\/wp-content\/uploads\/2026\/03\/CARCASSA-POLLASTRE.png","width":1024,"height":1024,"caption":"carcasa de pollo ecol\u00f3gico cortada en dos partes Girona Debosc"},{"@type":"BreadcrumbList","@id":"https:\/\/www.comprarpollastreecologic.com\/es\/producte\/carcasa-de-pollo-ecologico-debosc-cortada-2-partes\/#breadcrumb","itemListElement":[{"@type":"ListItem","position":1,"name":"Inici","item":"https:\/\/www.comprarpollastreecologic.com\/es\/home\/"},{"@type":"ListItem","position":2,"name":"Tienda","item":"https:\/\/www.comprarpollastreecologic.com\/es\/tienda\/"},{"@type":"ListItem","position":3,"name":"Carcasa de pollo ecol\u00f3gico Debosc cortada (2 partes)"}]},{"@type":"WebSite","@id":"https:\/\/www.comprarpollastreecologic.com\/#website","url":"https:\/\/www.comprarpollastreecologic.com\/","name":"Debosc - Agroecologia conscient","description":"Pollastres ecol\u00f2gics criats dins del bosc","potentialAction":[{"@type":"SearchAction","target":{"@type":"EntryPoint","urlTemplate":"https:\/\/www.comprarpollastreecologic.com\/?s={search_term_string}"},"query-input":{"@type":"PropertyValueSpecification","valueRequired":true,"valueName":"search_term_string"}}],"inLanguage":"es"}]}},"_links":{"self":[{"href":"https:\/\/www.comprarpollastreecologic.com\/es\/wp-json\/wp\/v2\/product\/4357","targetHints":{"allow":["GET"]}}],"collection":[{"href":"https:\/\/www.comprarpollastreecologic.com\/es\/wp-json\/wp\/v2\/product"}],"about":[{"href":"https:\/\/www.comprarpollastreecologic.com\/es\/wp-json\/wp\/v2\/types\/product"}],"replies":[{"embeddable":true,"href":"https:\/\/www.comprarpollastreecologic.com\/es\/wp-json\/wp\/v2\/comments?post=4357"}],"wp:featuredmedia":[{"embeddable":true,"href":"https:\/\/www.comprarpollastreecologic.com\/es\/wp-json\/wp\/v2\/media\/4355"}],"wp:attachment":[{"href":"https:\/\/www.comprarpollastreecologic.com\/es\/wp-json\/wp\/v2\/media?parent=4357"}],"wp:term":[{"taxonomy":"product_brand","embeddable":true,"href":"https:\/\/www.comprarpollastreecologic.com\/es\/wp-json\/wp\/v2\/product_brand?post=4357"},{"taxonomy":"product_cat","embeddable":true,"href":"https:\/\/www.comprarpollastreecologic.com\/es\/wp-json\/wp\/v2\/product_cat?post=4357"},{"taxonomy":"product_tag","embeddable":true,"href":"https:\/\/www.comprarpollastreecologic.com\/es\/wp-json\/wp\/v2\/product_tag?post=4357"}],"curies":[{"name":"wp","href":"https:\/\/api.w.org\/{rel}","templated":true}]}}