{"id":3674,"date":"2024-09-07T09:08:59","date_gmt":"2024-09-07T09:08:59","guid":{"rendered":"https:\/\/www.comprarpollastreecologic.com\/producte\/caldo-de-pollo-ecologico\/"},"modified":"2024-09-07T09:08:59","modified_gmt":"2024-09-07T09:08:59","slug":"caldo-de-pollo-ecologico","status":"publish","type":"product","link":"https:\/\/www.comprarpollastreecologic.com\/es\/producte\/caldo-de-pollo-ecologico\/","title":{"rendered":"Caldo de pollo ecol\u00f3gico"},"content":{"rendered":"<p>Ingredientes: Agua, pollo <strong>Debosc<\/strong> , zanahoria, patata, puerro, col, apio. Ingredientes procedentes de agricultura ecol\u00f3gica. 24% m\u00ednimo de pollo para elaborar 1 litro de caldo Certificado ecol\u00f3gico por el CCPAE. Operador n\u00famero CT5419PE <\/p>\n<table style=\"height: 524px;\" width=\"605\">\n<tbody>\n<tr>\n<td width=\"227\">INFORMACI\u00d3N NUTRICIONAL<\/td>\n<td width=\"140\">por 100 ml<\/td>\n<\/tr>\n<tr>\n<td width=\"227\">Valor Energ\u00e9tico<\/td>\n<td width=\"140\">20 KJ \/ 5Kcal<\/td>\n<\/tr>\n<tr>\n<td width=\"227\">Grasas:<\/td>\n<p>&lt; <\/p>\n<td width=\"140\">0,5<\/td>\n<\/tr>\n<tr>\n<td width=\"227\">\u00c1cidos Grasos Saturados<\/td>\n<p>&lt; <\/p>\n<td width=\"140\">0,1<\/td>\n<\/tr>\n<tr>\n<td width=\"227\">Hidratos de Carbono<\/td>\n<td width=\"140\">0,5<\/td>\n<\/tr>\n<tr>\n<td width=\"227\">Az\u00facares<\/td>\n<p>&lt; <\/p>\n<td width=\"140\">0,5<\/td>\n<\/tr>\n<tr>\n<td width=\"227\">Prote\u00ednas<\/td>\n<td width=\"140\">0,7<\/td>\n<\/tr>\n<tr>\n<td width=\"227\">Sal<\/td>\n<td width=\"140\">0,085<\/td>\n<\/tr>\n<\/tbody>\n<\/table>\n","protected":false},"excerpt":{"rendered":"<div id=\"footerBlocksTop\" class=\"sqs-layout sqs-grid-12 columns-12 Footer-blocks Footer-blocks--top sqs-alternate-block-style-container sqs-frontend-overlay-editor-widget-host sqs-editing sqs-frontend-node-header-widget-host\" tabindex=\"0\" data-layout-label=\"Bloques Superior del Pie de P\u00e1gina\" data-type=\"block-field\" data-blocks-rendered=\"\">\n<div id=\"yui_3_17_2_1_1717749822502_1085\" class=\"sqs-row\">\n<div id=\"yui_3_17_2_1_1717749822502_1084\" class=\"sqs-col sqs-col-12\">\n<div id=\"block-6f33dbc744076c0f5f33\" class=\"yui3-widget yui3-block-base yui3-block-parent-base sqs-block-html sqs-block html-block sqs-block-editable sqs-block-focused yui3-dd-drop\" aria-labelledby=\"yui_3_17_2_1_1717749822502_1089\">\n<div class=\"sqs-layout-insert-point-container\">\n<div class=\"sqs-prevent-block-focus-change sqs-layout-insert-point sqs-layout-insert-point-type-block sqs-layout-insert-point-position-bottom sqs-layout-insert-point-topmost\">\n<div id=\"yui_3_17_2_1_1717750935729_563\" class=\"ProductItem-details-excerpt\" data-content-field=\"excerpt\">\n<div id=\"yui_3_17_2_1_1717751208137_563\" class=\"ProductItem-details-excerpt\" data-content-field=\"excerpt\">\n<p id=\"yui_3_17_2_1_1717751208137_847\" class=\"\">Caldo de pollo ecol\u00f3gico BIO. Sin sal a\u00f1adida. 1 litro.  <\/p>\n<\/div>\n<\/div>\n<\/div>\n<\/div>\n<div id=\"yui_3_17_2_1_1717749822502_1200\" class=\"sqs-block-outline\"><\/div>\n<div id=\"yui_3_17_2_1_1717749822502_1201\" class=\"sqs-block-resizing-outline\">\n<div class=\"sqs-block-resizing-inner\"><\/div>\n<\/div>\n<p>&nbsp;<\/p>\n<div id=\"yui_3_17_2_1_1717749822502_1107\" class=\"yui3-widget sqs-widget sqs-block-editor-button-container\" role=\"toolbar\"><\/div>\n<\/div>\n<\/div>\n<\/div>\n<\/div>\n<div class=\"Footer-middle\">\n<div class=\"Footer-business\"><\/div>\n<div id=\"footerBlocksMiddle\" class=\"sqs-layout sqs-grid-12 columns-12 Footer-blocks Footer-blocks--middle sqs-alternate-block-style-container sqs-frontend-overlay-editor-widget-host\" tabindex=\"0\" data-layout-label=\"Bloques Intermedio del Pie de P\u00e1gina\" data-type=\"block-field\">\n<div class=\"row sqs-row\">\n<div class=\"col sqs-col-12 span-12\">\n<div id=\"block-64c78cebc20207b7d2ae\" class=\"sqs-block horizontalrule-block sqs-block-horizontalrule\" data-block-type=\"47\"><\/div>\n<\/div>\n<\/div>\n<\/div>\n<\/div>\n","protected":false},"featured_media":3390,"comment_status":"open","ping_status":"closed","template":"","meta":[],"product_brand":[],"product_cat":[78],"product_tag":[],"class_list":{"0":"post-3674","1":"product","2":"type-product","3":"status-publish","4":"has-post-thumbnail","6":"product_cat-preparados","8":"first","9":"outofstock","10":"taxable","11":"shipping-taxable","12":"product-type-simple"},"yoast_head":"<!-- This site is optimized with the Yoast SEO plugin v25.0 - https:\/\/yoast.com\/wordpress\/plugins\/seo\/ -->\n<title>Caldo de pollo ecol\u00f3gico - Debosc - Agroecologia conscient<\/title>\n<meta name=\"robots\" content=\"index, follow, max-snippet:-1, max-image-preview:large, max-video-preview:-1\" \/>\n<link rel=\"canonical\" href=\"https:\/\/www.comprarpollastreecologic.com\/es\/producte\/caldo-de-pollo-ecologico\/\" \/>\n<meta property=\"og:locale\" content=\"es_ES\" \/>\n<meta property=\"og:type\" content=\"article\" \/>\n<meta property=\"og:title\" content=\"Caldo de pollo ecol\u00f3gico - Debosc - Agroecologia conscient\" \/>\n<meta property=\"og:description\" content=\"Caldo de pollo ecol\u00f3gico BIO. Sin sal a\u00f1adida. 1 litro.      &nbsp;\" \/>\n<meta property=\"og:url\" content=\"https:\/\/www.comprarpollastreecologic.com\/es\/producte\/caldo-de-pollo-ecologico\/\" \/>\n<meta property=\"og:site_name\" content=\"Debosc - Agroecologia conscient\" \/>\n<meta property=\"og:image\" content=\"https:\/\/www.comprarpollastreecologic.com\/wp-content\/uploads\/2024\/06\/dbosc0395.jpg\" \/>\n\t<meta property=\"og:image:width\" content=\"2048\" \/>\n\t<meta property=\"og:image:height\" content=\"2048\" \/>\n\t<meta property=\"og:image:type\" content=\"image\/jpeg\" \/>\n<meta name=\"twitter:card\" content=\"summary_large_image\" \/>\n<script type=\"application\/ld+json\" class=\"yoast-schema-graph\">{\"@context\":\"https:\/\/schema.org\",\"@graph\":[{\"@type\":\"WebPage\",\"@id\":\"https:\/\/www.comprarpollastreecologic.com\/es\/producte\/caldo-de-pollo-ecologico\/\",\"url\":\"https:\/\/www.comprarpollastreecologic.com\/es\/producte\/caldo-de-pollo-ecologico\/\",\"name\":\"Caldo de pollo ecol\u00f3gico - Debosc - Agroecologia conscient\",\"isPartOf\":{\"@id\":\"https:\/\/www.comprarpollastreecologic.com\/#website\"},\"primaryImageOfPage\":{\"@id\":\"https:\/\/www.comprarpollastreecologic.com\/es\/producte\/caldo-de-pollo-ecologico\/#primaryimage\"},\"image\":{\"@id\":\"https:\/\/www.comprarpollastreecologic.com\/es\/producte\/caldo-de-pollo-ecologico\/#primaryimage\"},\"thumbnailUrl\":\"https:\/\/www.comprarpollastreecologic.com\/wp-content\/uploads\/2024\/06\/dbosc0395.jpg\",\"datePublished\":\"2024-09-07T09:08:59+00:00\",\"breadcrumb\":{\"@id\":\"https:\/\/www.comprarpollastreecologic.com\/es\/producte\/caldo-de-pollo-ecologico\/#breadcrumb\"},\"inLanguage\":\"es\",\"potentialAction\":[{\"@type\":\"ReadAction\",\"target\":[\"https:\/\/www.comprarpollastreecologic.com\/es\/producte\/caldo-de-pollo-ecologico\/\"]}]},{\"@type\":\"ImageObject\",\"inLanguage\":\"es\",\"@id\":\"https:\/\/www.comprarpollastreecologic.com\/es\/producte\/caldo-de-pollo-ecologico\/#primaryimage\",\"url\":\"https:\/\/www.comprarpollastreecologic.com\/wp-content\/uploads\/2024\/06\/dbosc0395.jpg\",\"contentUrl\":\"https:\/\/www.comprarpollastreecologic.com\/wp-content\/uploads\/2024\/06\/dbosc0395.jpg\",\"width\":2048,\"height\":2048},{\"@type\":\"BreadcrumbList\",\"@id\":\"https:\/\/www.comprarpollastreecologic.com\/es\/producte\/caldo-de-pollo-ecologico\/#breadcrumb\",\"itemListElement\":[{\"@type\":\"ListItem\",\"position\":1,\"name\":\"Inici\",\"item\":\"https:\/\/www.comprarpollastreecologic.com\/es\/home\/\"},{\"@type\":\"ListItem\",\"position\":2,\"name\":\"Tienda\",\"item\":\"https:\/\/www.comprarpollastreecologic.com\/es\/tienda\/\"},{\"@type\":\"ListItem\",\"position\":3,\"name\":\"Caldo de pollo ecol\u00f3gico\"}]},{\"@type\":\"WebSite\",\"@id\":\"https:\/\/www.comprarpollastreecologic.com\/#website\",\"url\":\"https:\/\/www.comprarpollastreecologic.com\/\",\"name\":\"Debosc - Agroecologia conscient\",\"description\":\"Pollastres ecol\u00f2gics criats dins del bosc\",\"potentialAction\":[{\"@type\":\"SearchAction\",\"target\":{\"@type\":\"EntryPoint\",\"urlTemplate\":\"https:\/\/www.comprarpollastreecologic.com\/?s={search_term_string}\"},\"query-input\":{\"@type\":\"PropertyValueSpecification\",\"valueRequired\":true,\"valueName\":\"search_term_string\"}}],\"inLanguage\":\"es\"}]}<\/script>\n<!-- \/ Yoast SEO plugin. -->","yoast_head_json":{"title":"Caldo de pollo ecol\u00f3gico - Debosc - Agroecologia conscient","robots":{"index":"index","follow":"follow","max-snippet":"max-snippet:-1","max-image-preview":"max-image-preview:large","max-video-preview":"max-video-preview:-1"},"canonical":"https:\/\/www.comprarpollastreecologic.com\/es\/producte\/caldo-de-pollo-ecologico\/","og_locale":"es_ES","og_type":"article","og_title":"Caldo de pollo ecol\u00f3gico - Debosc - Agroecologia conscient","og_description":"Caldo de pollo ecol\u00f3gico BIO. Sin sal a\u00f1adida. 1 litro.      &nbsp;","og_url":"https:\/\/www.comprarpollastreecologic.com\/es\/producte\/caldo-de-pollo-ecologico\/","og_site_name":"Debosc - Agroecologia conscient","og_image":[{"width":2048,"height":2048,"url":"https:\/\/www.comprarpollastreecologic.com\/wp-content\/uploads\/2024\/06\/dbosc0395.jpg","type":"image\/jpeg"}],"twitter_card":"summary_large_image","schema":{"@context":"https:\/\/schema.org","@graph":[{"@type":"WebPage","@id":"https:\/\/www.comprarpollastreecologic.com\/es\/producte\/caldo-de-pollo-ecologico\/","url":"https:\/\/www.comprarpollastreecologic.com\/es\/producte\/caldo-de-pollo-ecologico\/","name":"Caldo de pollo ecol\u00f3gico - Debosc - Agroecologia conscient","isPartOf":{"@id":"https:\/\/www.comprarpollastreecologic.com\/#website"},"primaryImageOfPage":{"@id":"https:\/\/www.comprarpollastreecologic.com\/es\/producte\/caldo-de-pollo-ecologico\/#primaryimage"},"image":{"@id":"https:\/\/www.comprarpollastreecologic.com\/es\/producte\/caldo-de-pollo-ecologico\/#primaryimage"},"thumbnailUrl":"https:\/\/www.comprarpollastreecologic.com\/wp-content\/uploads\/2024\/06\/dbosc0395.jpg","datePublished":"2024-09-07T09:08:59+00:00","breadcrumb":{"@id":"https:\/\/www.comprarpollastreecologic.com\/es\/producte\/caldo-de-pollo-ecologico\/#breadcrumb"},"inLanguage":"es","potentialAction":[{"@type":"ReadAction","target":["https:\/\/www.comprarpollastreecologic.com\/es\/producte\/caldo-de-pollo-ecologico\/"]}]},{"@type":"ImageObject","inLanguage":"es","@id":"https:\/\/www.comprarpollastreecologic.com\/es\/producte\/caldo-de-pollo-ecologico\/#primaryimage","url":"https:\/\/www.comprarpollastreecologic.com\/wp-content\/uploads\/2024\/06\/dbosc0395.jpg","contentUrl":"https:\/\/www.comprarpollastreecologic.com\/wp-content\/uploads\/2024\/06\/dbosc0395.jpg","width":2048,"height":2048},{"@type":"BreadcrumbList","@id":"https:\/\/www.comprarpollastreecologic.com\/es\/producte\/caldo-de-pollo-ecologico\/#breadcrumb","itemListElement":[{"@type":"ListItem","position":1,"name":"Inici","item":"https:\/\/www.comprarpollastreecologic.com\/es\/home\/"},{"@type":"ListItem","position":2,"name":"Tienda","item":"https:\/\/www.comprarpollastreecologic.com\/es\/tienda\/"},{"@type":"ListItem","position":3,"name":"Caldo de pollo ecol\u00f3gico"}]},{"@type":"WebSite","@id":"https:\/\/www.comprarpollastreecologic.com\/#website","url":"https:\/\/www.comprarpollastreecologic.com\/","name":"Debosc - Agroecologia conscient","description":"Pollastres ecol\u00f2gics criats dins del bosc","potentialAction":[{"@type":"SearchAction","target":{"@type":"EntryPoint","urlTemplate":"https:\/\/www.comprarpollastreecologic.com\/?s={search_term_string}"},"query-input":{"@type":"PropertyValueSpecification","valueRequired":true,"valueName":"search_term_string"}}],"inLanguage":"es"}]}},"_links":{"self":[{"href":"https:\/\/www.comprarpollastreecologic.com\/es\/wp-json\/wp\/v2\/product\/3674","targetHints":{"allow":["GET"]}}],"collection":[{"href":"https:\/\/www.comprarpollastreecologic.com\/es\/wp-json\/wp\/v2\/product"}],"about":[{"href":"https:\/\/www.comprarpollastreecologic.com\/es\/wp-json\/wp\/v2\/types\/product"}],"replies":[{"embeddable":true,"href":"https:\/\/www.comprarpollastreecologic.com\/es\/wp-json\/wp\/v2\/comments?post=3674"}],"wp:featuredmedia":[{"embeddable":true,"href":"https:\/\/www.comprarpollastreecologic.com\/es\/wp-json\/wp\/v2\/media\/3390"}],"wp:attachment":[{"href":"https:\/\/www.comprarpollastreecologic.com\/es\/wp-json\/wp\/v2\/media?parent=3674"}],"wp:term":[{"taxonomy":"product_brand","embeddable":true,"href":"https:\/\/www.comprarpollastreecologic.com\/es\/wp-json\/wp\/v2\/product_brand?post=3674"},{"taxonomy":"product_cat","embeddable":true,"href":"https:\/\/www.comprarpollastreecologic.com\/es\/wp-json\/wp\/v2\/product_cat?post=3674"},{"taxonomy":"product_tag","embeddable":true,"href":"https:\/\/www.comprarpollastreecologic.com\/es\/wp-json\/wp\/v2\/product_tag?post=3674"}],"curies":[{"name":"wp","href":"https:\/\/api.w.org\/{rel}","templated":true}]}}