{"id":3669,"date":"2024-09-07T09:12:16","date_gmt":"2024-09-07T09:12:16","guid":{"rendered":"https:\/\/www.comprarpollastreecologic.com\/producte\/canelones-de-pollo-ecologico\/"},"modified":"2025-12-08T10:10:45","modified_gmt":"2025-12-08T10:10:45","slug":"canelones-de-pollo-ecologico","status":"publish","type":"product","link":"https:\/\/www.comprarpollastreecologic.com\/es\/producte\/canelones-de-pollo-ecologico\/","title":{"rendered":"Canelones de pollo ecol\u00f3gico"},"content":{"rendered":"<p>Canelones de pollo ecol\u00f3gico Debosc con su bechamel.<\/p>\n<p>El su relleno est\u00e1 elaborado con el pollo Debosc de siempre e ingredientes naturales como cebolla, tomate, harina de trigo, aceite de oliva, bebida espirituosa y sal sin antiaglomerante.<br \/>\nLa pasta es de s\u00e9mola de trigo duro y huevo.<\/p>\n<p>La bechamel la hemos elaborado con la leche de las vacas de Mas Eusebi de Fonteta (Girona), una leche mucho m\u00e1s f\u00e1cil de digerir para todos.<br \/>\nServimos los canelones en bandejas de 6 unidades con su bechamel y queso, \u00a1que no falte!<br \/>\nServimos cajas de 4 bandejas (= 24 canelones en total).<br \/>\nLos canelones est\u00e1n ultracongelados y perfectamente envasados de manera que los recibir\u00e1n frescos para ser consumidos en 7 d\u00edas desde que los reciban.<\/p>\n<p>Precio por caja de 4 bandejas de 6 canelones cada bandeja.<\/p>\n","protected":false},"excerpt":{"rendered":"<div id=\"footerBlocksTop\" class=\"sqs-layout sqs-grid-12 columns-12 Footer-blocks Footer-blocks--top sqs-alternate-block-style-container sqs-frontend-overlay-editor-widget-host sqs-editing sqs-frontend-node-header-widget-host\" tabindex=\"0\" data-layout-label=\"Bloques Superior del Pie de P\u00e1gina\" data-type=\"block-field\" data-blocks-rendered=\"\">\n<div id=\"yui_3_17_2_1_1717749822502_1085\" class=\"sqs-row\">\n<div id=\"yui_3_17_2_1_1717749822502_1084\" class=\"sqs-col sqs-col-12\">\n<div id=\"block-6f33dbc744076c0f5f33\" class=\"yui3-widget yui3-block-base yui3-block-parent-base sqs-block-html sqs-block html-block sqs-block-editable sqs-block-focused yui3-dd-drop\" aria-labelledby=\"yui_3_17_2_1_1717749822502_1089\">\n<div class=\"sqs-layout-insert-point-container\">\n<div class=\"sqs-prevent-block-focus-change sqs-layout-insert-point sqs-layout-insert-point-type-block sqs-layout-insert-point-position-bottom sqs-layout-insert-point-topmost\">\n<div id=\"yui_3_17_2_1_1717750935729_563\" class=\"ProductItem-details-excerpt\" data-content-field=\"excerpt\">\n<div id=\"yui_3_17_2_1_1717751208137_563\" class=\"ProductItem-details-excerpt\" data-content-field=\"excerpt\">\n<div id=\"yui_3_17_2_1_1717751491486_563\" class=\"ProductItem-details-excerpt\" data-content-field=\"excerpt\">\n<div id=\"yui_3_17_2_1_1717751549632_564\" class=\"ProductItem-details-excerpt\" data-content-field=\"excerpt\">\n<p>24 unidades con su bechamel y queso. Listos para hornear en su propia bandeja.<\/p>\n<\/div>\n<\/div>\n<\/div>\n<\/div>\n<\/div>\n<\/div>\n<div id=\"yui_3_17_2_1_1717749822502_1200\" class=\"sqs-block-outline\"><\/div>\n<div id=\"yui_3_17_2_1_1717749822502_1201\" class=\"sqs-block-resizing-outline\">\n<div class=\"sqs-block-resizing-inner\"><\/div>\n<\/div>\n<p>&nbsp;<\/p>\n<div id=\"yui_3_17_2_1_1717749822502_1107\" class=\"yui3-widget sqs-widget sqs-block-editor-button-container\" role=\"toolbar\"><\/div>\n<\/div>\n<\/div>\n<\/div>\n<\/div>\n<div class=\"Footer-middle\">\n<div class=\"Footer-business\"><\/div>\n<div id=\"footerBlocksMiddle\" class=\"sqs-layout sqs-grid-12 columns-12 Footer-blocks Footer-blocks--middle sqs-alternate-block-style-container sqs-frontend-overlay-editor-widget-host\" tabindex=\"0\" data-layout-label=\"Bloques Intermedio del Pie de P\u00e1gina\" data-type=\"block-field\">\n<div class=\"row sqs-row\">\n<div class=\"col sqs-col-12 span-12\">\n<div id=\"block-64c78cebc20207b7d2ae\" class=\"sqs-block horizontalrule-block sqs-block-horizontalrule\" data-block-type=\"47\"><\/div>\n<\/div>\n<\/div>\n<\/div>\n<\/div>\n<div id=\"gtx-trans\" style=\"position: absolute; left: 108px; top: 38px;\">\n<div class=\"gtx-trans-icon\"><\/div>\n<\/div>\n","protected":false},"featured_media":4215,"comment_status":"open","ping_status":"closed","template":"","meta":[],"product_brand":[],"product_cat":[78],"product_tag":[106],"class_list":{"0":"post-3669","1":"product","2":"type-product","3":"status-publish","4":"has-post-thumbnail","6":"product_cat-preparados","7":"product_tag-canelones","9":"first","10":"instock","11":"taxable","12":"shipping-taxable","13":"purchasable","14":"product-type-simple"},"yoast_head":"<!-- This site is optimized with the Yoast SEO plugin v25.0 - https:\/\/yoast.com\/wordpress\/plugins\/seo\/ -->\n<title>Canelones de pollo ecol\u00f3gico - Debosc - Agroecologia conscient<\/title>\n<meta name=\"description\" content=\"CANELONES DE POLLO ECOLOGICO\" \/>\n<meta name=\"robots\" content=\"index, follow, max-snippet:-1, max-image-preview:large, max-video-preview:-1\" \/>\n<link rel=\"canonical\" href=\"https:\/\/www.comprarpollastreecologic.com\/es\/producte\/canelones-de-pollo-ecologico\/\" \/>\n<meta property=\"og:locale\" content=\"es_ES\" \/>\n<meta property=\"og:type\" content=\"article\" \/>\n<meta property=\"og:title\" content=\"Canelones de pollo ecol\u00f3gico - Debosc - Agroecologia conscient\" \/>\n<meta property=\"og:description\" content=\"CANELONES DE POLLO ECOLOGICO\" \/>\n<meta property=\"og:url\" content=\"https:\/\/www.comprarpollastreecologic.com\/es\/producte\/canelones-de-pollo-ecologico\/\" \/>\n<meta property=\"og:site_name\" content=\"Debosc - Agroecologia conscient\" \/>\n<meta property=\"article:modified_time\" content=\"2025-12-08T10:10:45+00:00\" \/>\n<meta property=\"og:image\" content=\"https:\/\/www.comprarpollastreecologic.com\/wp-content\/uploads\/2024\/06\/dbosc0129.jpg\" \/>\n\t<meta property=\"og:image:width\" content=\"2048\" \/>\n\t<meta property=\"og:image:height\" content=\"2048\" \/>\n\t<meta property=\"og:image:type\" content=\"image\/jpeg\" \/>\n<meta name=\"twitter:card\" content=\"summary_large_image\" \/>\n<meta name=\"twitter:label1\" content=\"Tiempo de lectura\" \/>\n\t<meta name=\"twitter:data1\" content=\"1 minuto\" \/>\n<script type=\"application\/ld+json\" class=\"yoast-schema-graph\">{\"@context\":\"https:\/\/schema.org\",\"@graph\":[{\"@type\":\"WebPage\",\"@id\":\"https:\/\/www.comprarpollastreecologic.com\/es\/producte\/canelones-de-pollo-ecologico\/\",\"url\":\"https:\/\/www.comprarpollastreecologic.com\/es\/producte\/canelones-de-pollo-ecologico\/\",\"name\":\"Canelones de pollo ecol\u00f3gico - Debosc - Agroecologia conscient\",\"isPartOf\":{\"@id\":\"https:\/\/www.comprarpollastreecologic.com\/#website\"},\"primaryImageOfPage\":{\"@id\":\"https:\/\/www.comprarpollastreecologic.com\/es\/producte\/canelones-de-pollo-ecologico\/#primaryimage\"},\"image\":{\"@id\":\"https:\/\/www.comprarpollastreecologic.com\/es\/producte\/canelones-de-pollo-ecologico\/#primaryimage\"},\"thumbnailUrl\":\"https:\/\/www.comprarpollastreecologic.com\/wp-content\/uploads\/2024\/09\/canelons-1-scaled-e1765655999546.jpg\",\"datePublished\":\"2024-09-07T09:12:16+00:00\",\"dateModified\":\"2025-12-08T10:10:45+00:00\",\"description\":\"CANELONES DE POLLO ECOLOGICO\",\"breadcrumb\":{\"@id\":\"https:\/\/www.comprarpollastreecologic.com\/es\/producte\/canelones-de-pollo-ecologico\/#breadcrumb\"},\"inLanguage\":\"es\",\"potentialAction\":[{\"@type\":\"ReadAction\",\"target\":[\"https:\/\/www.comprarpollastreecologic.com\/es\/producte\/canelones-de-pollo-ecologico\/\"]}]},{\"@type\":\"ImageObject\",\"inLanguage\":\"es\",\"@id\":\"https:\/\/www.comprarpollastreecologic.com\/es\/producte\/canelones-de-pollo-ecologico\/#primaryimage\",\"url\":\"https:\/\/www.comprarpollastreecologic.com\/wp-content\/uploads\/2024\/09\/canelons-1-scaled-e1765655999546.jpg\",\"contentUrl\":\"https:\/\/www.comprarpollastreecologic.com\/wp-content\/uploads\/2024\/09\/canelons-1-scaled-e1765655999546.jpg\",\"width\":1126,\"height\":1126},{\"@type\":\"BreadcrumbList\",\"@id\":\"https:\/\/www.comprarpollastreecologic.com\/es\/producte\/canelones-de-pollo-ecologico\/#breadcrumb\",\"itemListElement\":[{\"@type\":\"ListItem\",\"position\":1,\"name\":\"Inici\",\"item\":\"https:\/\/www.comprarpollastreecologic.com\/es\/home\/\"},{\"@type\":\"ListItem\",\"position\":2,\"name\":\"Tienda\",\"item\":\"https:\/\/www.comprarpollastreecologic.com\/es\/tienda\/\"},{\"@type\":\"ListItem\",\"position\":3,\"name\":\"Canelones de pollo ecol\u00f3gico\"}]},{\"@type\":\"WebSite\",\"@id\":\"https:\/\/www.comprarpollastreecologic.com\/#website\",\"url\":\"https:\/\/www.comprarpollastreecologic.com\/\",\"name\":\"Debosc - Agroecologia conscient\",\"description\":\"Pollastres ecol\u00f2gics criats dins del bosc\",\"potentialAction\":[{\"@type\":\"SearchAction\",\"target\":{\"@type\":\"EntryPoint\",\"urlTemplate\":\"https:\/\/www.comprarpollastreecologic.com\/?s={search_term_string}\"},\"query-input\":{\"@type\":\"PropertyValueSpecification\",\"valueRequired\":true,\"valueName\":\"search_term_string\"}}],\"inLanguage\":\"es\"}]}<\/script>\n<!-- \/ Yoast SEO plugin. -->","yoast_head_json":{"title":"Canelones de pollo ecol\u00f3gico - Debosc - Agroecologia conscient","description":"CANELONES DE POLLO ECOLOGICO","robots":{"index":"index","follow":"follow","max-snippet":"max-snippet:-1","max-image-preview":"max-image-preview:large","max-video-preview":"max-video-preview:-1"},"canonical":"https:\/\/www.comprarpollastreecologic.com\/es\/producte\/canelones-de-pollo-ecologico\/","og_locale":"es_ES","og_type":"article","og_title":"Canelones de pollo ecol\u00f3gico - Debosc - Agroecologia conscient","og_description":"CANELONES DE POLLO ECOLOGICO","og_url":"https:\/\/www.comprarpollastreecologic.com\/es\/producte\/canelones-de-pollo-ecologico\/","og_site_name":"Debosc - Agroecologia conscient","article_modified_time":"2025-12-08T10:10:45+00:00","og_image":[{"width":2048,"height":2048,"url":"https:\/\/www.comprarpollastreecologic.com\/wp-content\/uploads\/2024\/06\/dbosc0129.jpg","type":"image\/jpeg"}],"twitter_card":"summary_large_image","twitter_misc":{"Tiempo de lectura":"1 minuto"},"schema":{"@context":"https:\/\/schema.org","@graph":[{"@type":"WebPage","@id":"https:\/\/www.comprarpollastreecologic.com\/es\/producte\/canelones-de-pollo-ecologico\/","url":"https:\/\/www.comprarpollastreecologic.com\/es\/producte\/canelones-de-pollo-ecologico\/","name":"Canelones de pollo ecol\u00f3gico - Debosc - Agroecologia conscient","isPartOf":{"@id":"https:\/\/www.comprarpollastreecologic.com\/#website"},"primaryImageOfPage":{"@id":"https:\/\/www.comprarpollastreecologic.com\/es\/producte\/canelones-de-pollo-ecologico\/#primaryimage"},"image":{"@id":"https:\/\/www.comprarpollastreecologic.com\/es\/producte\/canelones-de-pollo-ecologico\/#primaryimage"},"thumbnailUrl":"https:\/\/www.comprarpollastreecologic.com\/wp-content\/uploads\/2024\/09\/canelons-1-scaled-e1765655999546.jpg","datePublished":"2024-09-07T09:12:16+00:00","dateModified":"2025-12-08T10:10:45+00:00","description":"CANELONES DE POLLO ECOLOGICO","breadcrumb":{"@id":"https:\/\/www.comprarpollastreecologic.com\/es\/producte\/canelones-de-pollo-ecologico\/#breadcrumb"},"inLanguage":"es","potentialAction":[{"@type":"ReadAction","target":["https:\/\/www.comprarpollastreecologic.com\/es\/producte\/canelones-de-pollo-ecologico\/"]}]},{"@type":"ImageObject","inLanguage":"es","@id":"https:\/\/www.comprarpollastreecologic.com\/es\/producte\/canelones-de-pollo-ecologico\/#primaryimage","url":"https:\/\/www.comprarpollastreecologic.com\/wp-content\/uploads\/2024\/09\/canelons-1-scaled-e1765655999546.jpg","contentUrl":"https:\/\/www.comprarpollastreecologic.com\/wp-content\/uploads\/2024\/09\/canelons-1-scaled-e1765655999546.jpg","width":1126,"height":1126},{"@type":"BreadcrumbList","@id":"https:\/\/www.comprarpollastreecologic.com\/es\/producte\/canelones-de-pollo-ecologico\/#breadcrumb","itemListElement":[{"@type":"ListItem","position":1,"name":"Inici","item":"https:\/\/www.comprarpollastreecologic.com\/es\/home\/"},{"@type":"ListItem","position":2,"name":"Tienda","item":"https:\/\/www.comprarpollastreecologic.com\/es\/tienda\/"},{"@type":"ListItem","position":3,"name":"Canelones de pollo ecol\u00f3gico"}]},{"@type":"WebSite","@id":"https:\/\/www.comprarpollastreecologic.com\/#website","url":"https:\/\/www.comprarpollastreecologic.com\/","name":"Debosc - Agroecologia conscient","description":"Pollastres ecol\u00f2gics criats dins del bosc","potentialAction":[{"@type":"SearchAction","target":{"@type":"EntryPoint","urlTemplate":"https:\/\/www.comprarpollastreecologic.com\/?s={search_term_string}"},"query-input":{"@type":"PropertyValueSpecification","valueRequired":true,"valueName":"search_term_string"}}],"inLanguage":"es"}]}},"_links":{"self":[{"href":"https:\/\/www.comprarpollastreecologic.com\/es\/wp-json\/wp\/v2\/product\/3669","targetHints":{"allow":["GET"]}}],"collection":[{"href":"https:\/\/www.comprarpollastreecologic.com\/es\/wp-json\/wp\/v2\/product"}],"about":[{"href":"https:\/\/www.comprarpollastreecologic.com\/es\/wp-json\/wp\/v2\/types\/product"}],"replies":[{"embeddable":true,"href":"https:\/\/www.comprarpollastreecologic.com\/es\/wp-json\/wp\/v2\/comments?post=3669"}],"wp:featuredmedia":[{"embeddable":true,"href":"https:\/\/www.comprarpollastreecologic.com\/es\/wp-json\/wp\/v2\/media\/4215"}],"wp:attachment":[{"href":"https:\/\/www.comprarpollastreecologic.com\/es\/wp-json\/wp\/v2\/media?parent=3669"}],"wp:term":[{"taxonomy":"product_brand","embeddable":true,"href":"https:\/\/www.comprarpollastreecologic.com\/es\/wp-json\/wp\/v2\/product_brand?post=3669"},{"taxonomy":"product_cat","embeddable":true,"href":"https:\/\/www.comprarpollastreecologic.com\/es\/wp-json\/wp\/v2\/product_cat?post=3669"},{"taxonomy":"product_tag","embeddable":true,"href":"https:\/\/www.comprarpollastreecologic.com\/es\/wp-json\/wp\/v2\/product_tag?post=3669"}],"curies":[{"name":"wp","href":"https:\/\/api.w.org\/{rel}","templated":true}]}}