{"id":3668,"date":"2024-06-20T10:18:51","date_gmt":"2024-06-20T10:18:51","guid":{"rendered":"https:\/\/www.comprarpollastreecologic.com\/producte\/gallo-ecologico-entero\/"},"modified":"2026-01-29T18:33:00","modified_gmt":"2026-01-29T18:33:00","slug":"gallo-ecologico-entero","status":"publish","type":"product","link":"https:\/\/www.comprarpollastreecologic.com\/es\/producte\/gallo-ecologico-entero\/","title":{"rendered":"Gallo ecologico Debosc"},"content":{"rendered":"<p>Un gallo es un pollo ya adulto que se encuentra en su fase de madurez. Se trata de una pieza muy apreciada entre los amantes de la carne. Ideal para cocinar a baja temperatura. Lo servimos cortado al gusto o en formato entero para cocinar al horno.<\/p>\n<p><strong>Cantidad:<\/strong> Peso a partir de 3,2 Kg<\/p>\n<p><strong>Precio por pieza<\/strong><\/p>\n<p><strong>Carne fresca.<\/strong> Se puede congelar<\/p>\n<p><strong>Fecha caducidad:<\/strong> 5 d\u00edas desde la fecha de entrega (mi\u00e9rcoles) Certificado ecol\u00f3gico por el CCPAE. Operador n\u00famero CT5419PE Los menudillos (molleja, h\u00edgado, coraz\u00f3n, molleja, patas, cuello y cabeza) del gallo ecol\u00f3gico Debosc los encontrar\u00e1 dentro de la misma bolsa compostable<\/p>\n","protected":false},"excerpt":{"rendered":"<p style=\"line-height: 1.6;\"><span style=\"font-size: 16px;\">Lo servimos cortado al gusto o en formato entero para cocinar \u00abal horno\u00bb.<\/span><br \/>\n<span style=\"font-size: 14px;\">Gallo ecologico Debosc a partir de 3,2kg de peso<\/span><\/p>\n","protected":false},"featured_media":3381,"comment_status":"open","ping_status":"closed","template":"","meta":[],"product_brand":[],"product_cat":[76],"product_tag":[],"class_list":{"0":"post-3668","1":"product","2":"type-product","3":"status-publish","4":"has-post-thumbnail","6":"product_cat-pollo","8":"first","9":"instock","10":"taxable","11":"shipping-taxable","12":"purchasable","13":"product-type-simple"},"yoast_head":"<!-- This site is optimized with the Yoast SEO plugin v25.0 - https:\/\/yoast.com\/wordpress\/plugins\/seo\/ -->\n<title>Gallo ecologico Debosc - Debosc - Agroecologia conscient<\/title>\n<meta name=\"robots\" content=\"index, follow, max-snippet:-1, max-image-preview:large, max-video-preview:-1\" \/>\n<link rel=\"canonical\" href=\"https:\/\/www.comprarpollastreecologic.com\/es\/producte\/gallo-ecologico-entero\/\" \/>\n<meta property=\"og:locale\" content=\"es_ES\" \/>\n<meta property=\"og:type\" content=\"article\" \/>\n<meta property=\"og:title\" content=\"Gallo ecologico Debosc - Debosc - Agroecologia conscient\" \/>\n<meta property=\"og:description\" content=\"Lo servimos cortado al gusto o en formato entero para cocinar &quot;al horno&quot;. Gallo ecologico Debosc a partir de 3,2kg de peso\" \/>\n<meta property=\"og:url\" content=\"https:\/\/www.comprarpollastreecologic.com\/es\/producte\/gallo-ecologico-entero\/\" \/>\n<meta property=\"og:site_name\" content=\"Debosc - Agroecologia conscient\" \/>\n<meta property=\"article:modified_time\" content=\"2026-01-29T18:33:00+00:00\" \/>\n<meta property=\"og:image\" content=\"https:\/\/www.comprarpollastreecologic.com\/wp-content\/uploads\/2024\/06\/dbosc0014-1.jpg\" \/>\n\t<meta property=\"og:image:width\" content=\"2048\" \/>\n\t<meta property=\"og:image:height\" content=\"2048\" \/>\n\t<meta property=\"og:image:type\" content=\"image\/jpeg\" \/>\n<meta name=\"twitter:card\" content=\"summary_large_image\" \/>\n<meta name=\"twitter:label1\" content=\"Tiempo de lectura\" \/>\n\t<meta name=\"twitter:data1\" content=\"1 minuto\" \/>\n<script type=\"application\/ld+json\" class=\"yoast-schema-graph\">{\"@context\":\"https:\/\/schema.org\",\"@graph\":[{\"@type\":\"WebPage\",\"@id\":\"https:\/\/www.comprarpollastreecologic.com\/es\/producte\/gallo-ecologico-entero\/\",\"url\":\"https:\/\/www.comprarpollastreecologic.com\/es\/producte\/gallo-ecologico-entero\/\",\"name\":\"Gallo ecologico Debosc - Debosc - Agroecologia conscient\",\"isPartOf\":{\"@id\":\"https:\/\/www.comprarpollastreecologic.com\/#website\"},\"primaryImageOfPage\":{\"@id\":\"https:\/\/www.comprarpollastreecologic.com\/es\/producte\/gallo-ecologico-entero\/#primaryimage\"},\"image\":{\"@id\":\"https:\/\/www.comprarpollastreecologic.com\/es\/producte\/gallo-ecologico-entero\/#primaryimage\"},\"thumbnailUrl\":\"https:\/\/www.comprarpollastreecologic.com\/wp-content\/uploads\/2024\/06\/dbosc0014-1.jpg\",\"datePublished\":\"2024-06-20T10:18:51+00:00\",\"dateModified\":\"2026-01-29T18:33:00+00:00\",\"breadcrumb\":{\"@id\":\"https:\/\/www.comprarpollastreecologic.com\/es\/producte\/gallo-ecologico-entero\/#breadcrumb\"},\"inLanguage\":\"es\",\"potentialAction\":[{\"@type\":\"ReadAction\",\"target\":[\"https:\/\/www.comprarpollastreecologic.com\/es\/producte\/gallo-ecologico-entero\/\"]}]},{\"@type\":\"ImageObject\",\"inLanguage\":\"es\",\"@id\":\"https:\/\/www.comprarpollastreecologic.com\/es\/producte\/gallo-ecologico-entero\/#primaryimage\",\"url\":\"https:\/\/www.comprarpollastreecologic.com\/wp-content\/uploads\/2024\/06\/dbosc0014-1.jpg\",\"contentUrl\":\"https:\/\/www.comprarpollastreecologic.com\/wp-content\/uploads\/2024\/06\/dbosc0014-1.jpg\",\"width\":2048,\"height\":2048},{\"@type\":\"BreadcrumbList\",\"@id\":\"https:\/\/www.comprarpollastreecologic.com\/es\/producte\/gallo-ecologico-entero\/#breadcrumb\",\"itemListElement\":[{\"@type\":\"ListItem\",\"position\":1,\"name\":\"Inici\",\"item\":\"https:\/\/www.comprarpollastreecologic.com\/es\/home\/\"},{\"@type\":\"ListItem\",\"position\":2,\"name\":\"Tienda\",\"item\":\"https:\/\/www.comprarpollastreecologic.com\/es\/tienda\/\"},{\"@type\":\"ListItem\",\"position\":3,\"name\":\"Gallo ecologico Debosc\"}]},{\"@type\":\"WebSite\",\"@id\":\"https:\/\/www.comprarpollastreecologic.com\/#website\",\"url\":\"https:\/\/www.comprarpollastreecologic.com\/\",\"name\":\"Debosc - Agroecologia conscient\",\"description\":\"Pollastres ecol\u00f2gics criats dins del bosc\",\"potentialAction\":[{\"@type\":\"SearchAction\",\"target\":{\"@type\":\"EntryPoint\",\"urlTemplate\":\"https:\/\/www.comprarpollastreecologic.com\/?s={search_term_string}\"},\"query-input\":{\"@type\":\"PropertyValueSpecification\",\"valueRequired\":true,\"valueName\":\"search_term_string\"}}],\"inLanguage\":\"es\"}]}<\/script>\n<!-- \/ Yoast SEO plugin. -->","yoast_head_json":{"title":"Gallo ecologico Debosc - Debosc - Agroecologia conscient","robots":{"index":"index","follow":"follow","max-snippet":"max-snippet:-1","max-image-preview":"max-image-preview:large","max-video-preview":"max-video-preview:-1"},"canonical":"https:\/\/www.comprarpollastreecologic.com\/es\/producte\/gallo-ecologico-entero\/","og_locale":"es_ES","og_type":"article","og_title":"Gallo ecologico Debosc - Debosc - Agroecologia conscient","og_description":"Lo servimos cortado al gusto o en formato entero para cocinar \"al horno\". Gallo ecologico Debosc a partir de 3,2kg de peso","og_url":"https:\/\/www.comprarpollastreecologic.com\/es\/producte\/gallo-ecologico-entero\/","og_site_name":"Debosc - Agroecologia conscient","article_modified_time":"2026-01-29T18:33:00+00:00","og_image":[{"width":2048,"height":2048,"url":"https:\/\/www.comprarpollastreecologic.com\/wp-content\/uploads\/2024\/06\/dbosc0014-1.jpg","type":"image\/jpeg"}],"twitter_card":"summary_large_image","twitter_misc":{"Tiempo de lectura":"1 minuto"},"schema":{"@context":"https:\/\/schema.org","@graph":[{"@type":"WebPage","@id":"https:\/\/www.comprarpollastreecologic.com\/es\/producte\/gallo-ecologico-entero\/","url":"https:\/\/www.comprarpollastreecologic.com\/es\/producte\/gallo-ecologico-entero\/","name":"Gallo ecologico Debosc - Debosc - Agroecologia conscient","isPartOf":{"@id":"https:\/\/www.comprarpollastreecologic.com\/#website"},"primaryImageOfPage":{"@id":"https:\/\/www.comprarpollastreecologic.com\/es\/producte\/gallo-ecologico-entero\/#primaryimage"},"image":{"@id":"https:\/\/www.comprarpollastreecologic.com\/es\/producte\/gallo-ecologico-entero\/#primaryimage"},"thumbnailUrl":"https:\/\/www.comprarpollastreecologic.com\/wp-content\/uploads\/2024\/06\/dbosc0014-1.jpg","datePublished":"2024-06-20T10:18:51+00:00","dateModified":"2026-01-29T18:33:00+00:00","breadcrumb":{"@id":"https:\/\/www.comprarpollastreecologic.com\/es\/producte\/gallo-ecologico-entero\/#breadcrumb"},"inLanguage":"es","potentialAction":[{"@type":"ReadAction","target":["https:\/\/www.comprarpollastreecologic.com\/es\/producte\/gallo-ecologico-entero\/"]}]},{"@type":"ImageObject","inLanguage":"es","@id":"https:\/\/www.comprarpollastreecologic.com\/es\/producte\/gallo-ecologico-entero\/#primaryimage","url":"https:\/\/www.comprarpollastreecologic.com\/wp-content\/uploads\/2024\/06\/dbosc0014-1.jpg","contentUrl":"https:\/\/www.comprarpollastreecologic.com\/wp-content\/uploads\/2024\/06\/dbosc0014-1.jpg","width":2048,"height":2048},{"@type":"BreadcrumbList","@id":"https:\/\/www.comprarpollastreecologic.com\/es\/producte\/gallo-ecologico-entero\/#breadcrumb","itemListElement":[{"@type":"ListItem","position":1,"name":"Inici","item":"https:\/\/www.comprarpollastreecologic.com\/es\/home\/"},{"@type":"ListItem","position":2,"name":"Tienda","item":"https:\/\/www.comprarpollastreecologic.com\/es\/tienda\/"},{"@type":"ListItem","position":3,"name":"Gallo ecologico Debosc"}]},{"@type":"WebSite","@id":"https:\/\/www.comprarpollastreecologic.com\/#website","url":"https:\/\/www.comprarpollastreecologic.com\/","name":"Debosc - Agroecologia conscient","description":"Pollastres ecol\u00f2gics criats dins del bosc","potentialAction":[{"@type":"SearchAction","target":{"@type":"EntryPoint","urlTemplate":"https:\/\/www.comprarpollastreecologic.com\/?s={search_term_string}"},"query-input":{"@type":"PropertyValueSpecification","valueRequired":true,"valueName":"search_term_string"}}],"inLanguage":"es"}]}},"_links":{"self":[{"href":"https:\/\/www.comprarpollastreecologic.com\/es\/wp-json\/wp\/v2\/product\/3668","targetHints":{"allow":["GET"]}}],"collection":[{"href":"https:\/\/www.comprarpollastreecologic.com\/es\/wp-json\/wp\/v2\/product"}],"about":[{"href":"https:\/\/www.comprarpollastreecologic.com\/es\/wp-json\/wp\/v2\/types\/product"}],"replies":[{"embeddable":true,"href":"https:\/\/www.comprarpollastreecologic.com\/es\/wp-json\/wp\/v2\/comments?post=3668"}],"wp:featuredmedia":[{"embeddable":true,"href":"https:\/\/www.comprarpollastreecologic.com\/es\/wp-json\/wp\/v2\/media\/3381"}],"wp:attachment":[{"href":"https:\/\/www.comprarpollastreecologic.com\/es\/wp-json\/wp\/v2\/media?parent=3668"}],"wp:term":[{"taxonomy":"product_brand","embeddable":true,"href":"https:\/\/www.comprarpollastreecologic.com\/es\/wp-json\/wp\/v2\/product_brand?post=3668"},{"taxonomy":"product_cat","embeddable":true,"href":"https:\/\/www.comprarpollastreecologic.com\/es\/wp-json\/wp\/v2\/product_cat?post=3668"},{"taxonomy":"product_tag","embeddable":true,"href":"https:\/\/www.comprarpollastreecologic.com\/es\/wp-json\/wp\/v2\/product_tag?post=3668"}],"curies":[{"name":"wp","href":"https:\/\/api.w.org\/{rel}","templated":true}]}}