{"id":3667,"date":"2024-07-23T14:34:01","date_gmt":"2024-07-23T14:34:01","guid":{"rendered":"https:\/\/www.comprarpollastreecologic.com\/producte\/visita-granja-adult\/"},"modified":"2026-03-14T13:07:37","modified_gmt":"2026-03-14T13:07:37","slug":"visita-granja-girona","status":"publish","type":"product","link":"https:\/\/www.comprarpollastreecologic.com\/es\/producte\/visita-granja-girona\/","title":{"rendered":"Visita granja &#8211; ADULTO"},"content":{"rendered":"<p>Le acompa\u00f1aremos a dar una vuelta por la granja y sus instalaciones. Ver\u00e1 los polluelos m\u00e1s peque\u00f1os, que todav\u00eda est\u00e1n en los nidos, y los pollos que campan por el bosque a sus anchas. Conocer\u00e1 los Valores que sostienen este proyecto y c\u00f3mo hemos llegado hasta d\u00f3nde estamos ahora. Las visitas que organizamos duran 1 hora y media aproximadamente. Haga <a href=\"https:\/\/www.comprarpollastreecologic.com\/es\/visita\/\">clic aqu\u00ed<\/a> para m\u00e1s informaci\u00f3n.<\/p>\n<div id=\"gtx-trans\" style=\"position: absolute; left: 382px; top: 48px;\">\n<div class=\"gtx-trans-icon\"><\/div>\n<\/div>\n","protected":false},"excerpt":{"rendered":"<p>A partir de 12 a\u00f1os<\/p>\n","protected":false},"featured_media":3426,"comment_status":"open","ping_status":"closed","template":"","meta":[],"product_brand":[],"product_cat":[80],"product_tag":[147],"class_list":{"0":"post-3667","1":"product","2":"type-product","3":"status-publish","4":"has-post-thumbnail","6":"product_cat-visita-es","7":"product_tag-granja-es","9":"first","10":"instock","11":"virtual","12":"taxable","13":"purchasable","14":"product-type-simple"},"yoast_head":"<!-- This site is optimized with the Yoast SEO plugin v25.0 - https:\/\/yoast.com\/wordpress\/plugins\/seo\/ -->\n<title>Visita granja - ADULTO - Debosc - Agroecologia conscient<\/title>\n<meta name=\"description\" content=\"Visita a granja ecol\u00f3gica en Girona. Ven a conocer Debosc: pollos criados en el bosque, libertad 24 h y sin medicamentos. Experiencia para familias.\" \/>\n<meta name=\"robots\" content=\"index, follow, max-snippet:-1, max-image-preview:large, max-video-preview:-1\" \/>\n<link rel=\"canonical\" href=\"https:\/\/www.comprarpollastreecologic.com\/es\/producte\/visita-granja-girona\/\" \/>\n<meta property=\"og:locale\" content=\"es_ES\" \/>\n<meta property=\"og:type\" content=\"article\" \/>\n<meta property=\"og:title\" content=\"Visita granja - ADULTO - Debosc - Agroecologia conscient\" \/>\n<meta property=\"og:description\" content=\"Visita a granja ecol\u00f3gica en Girona. Ven a conocer Debosc: pollos criados en el bosque, libertad 24 h y sin medicamentos. Experiencia para familias.\" \/>\n<meta property=\"og:url\" content=\"https:\/\/www.comprarpollastreecologic.com\/es\/producte\/visita-granja-girona\/\" \/>\n<meta property=\"og:site_name\" content=\"Debosc - Agroecologia conscient\" \/>\n<meta property=\"article:modified_time\" content=\"2026-03-14T13:07:37+00:00\" \/>\n<meta property=\"og:image\" content=\"https:\/\/www.comprarpollastreecologic.com\/wp-content\/uploads\/2024\/06\/nuria-debosc.jpg\" \/>\n\t<meta property=\"og:image:width\" content=\"1000\" \/>\n\t<meta property=\"og:image:height\" content=\"746\" \/>\n\t<meta property=\"og:image:type\" content=\"image\/jpeg\" \/>\n<meta name=\"twitter:card\" content=\"summary_large_image\" \/>\n<meta name=\"twitter:label1\" content=\"Tiempo de lectura\" \/>\n\t<meta name=\"twitter:data1\" content=\"1 minuto\" \/>\n<script type=\"application\/ld+json\" class=\"yoast-schema-graph\">{\"@context\":\"https:\/\/schema.org\",\"@graph\":[{\"@type\":\"WebPage\",\"@id\":\"https:\/\/www.comprarpollastreecologic.com\/es\/producte\/visita-granja-girona\/\",\"url\":\"https:\/\/www.comprarpollastreecologic.com\/es\/producte\/visita-granja-girona\/\",\"name\":\"Visita granja - ADULTO - Debosc - Agroecologia conscient\",\"isPartOf\":{\"@id\":\"https:\/\/www.comprarpollastreecologic.com\/#website\"},\"primaryImageOfPage\":{\"@id\":\"https:\/\/www.comprarpollastreecologic.com\/es\/producte\/visita-granja-girona\/#primaryimage\"},\"image\":{\"@id\":\"https:\/\/www.comprarpollastreecologic.com\/es\/producte\/visita-granja-girona\/#primaryimage\"},\"thumbnailUrl\":\"https:\/\/www.comprarpollastreecologic.com\/wp-content\/uploads\/2024\/06\/nuria-debosc.jpg\",\"datePublished\":\"2024-07-23T14:34:01+00:00\",\"dateModified\":\"2026-03-14T13:07:37+00:00\",\"description\":\"Visita a granja ecol\u00f3gica en Girona. Ven a conocer Debosc: pollos criados en el bosque, libertad 24 h y sin medicamentos. Experiencia para familias.\",\"breadcrumb\":{\"@id\":\"https:\/\/www.comprarpollastreecologic.com\/es\/producte\/visita-granja-girona\/#breadcrumb\"},\"inLanguage\":\"es\",\"potentialAction\":[{\"@type\":\"ReadAction\",\"target\":[\"https:\/\/www.comprarpollastreecologic.com\/es\/producte\/visita-granja-girona\/\"]}]},{\"@type\":\"ImageObject\",\"inLanguage\":\"es\",\"@id\":\"https:\/\/www.comprarpollastreecologic.com\/es\/producte\/visita-granja-girona\/#primaryimage\",\"url\":\"https:\/\/www.comprarpollastreecologic.com\/wp-content\/uploads\/2024\/06\/nuria-debosc.jpg\",\"contentUrl\":\"https:\/\/www.comprarpollastreecologic.com\/wp-content\/uploads\/2024\/06\/nuria-debosc.jpg\",\"width\":1000,\"height\":746,\"caption\":\"Fotografia per reservar 'visita la granja' per a adults.\"},{\"@type\":\"BreadcrumbList\",\"@id\":\"https:\/\/www.comprarpollastreecologic.com\/es\/producte\/visita-granja-girona\/#breadcrumb\",\"itemListElement\":[{\"@type\":\"ListItem\",\"position\":1,\"name\":\"Inici\",\"item\":\"https:\/\/www.comprarpollastreecologic.com\/es\/home\/\"},{\"@type\":\"ListItem\",\"position\":2,\"name\":\"Tienda\",\"item\":\"https:\/\/www.comprarpollastreecologic.com\/es\/tienda\/\"},{\"@type\":\"ListItem\",\"position\":3,\"name\":\"Visita granja &#8211; ADULTO\"}]},{\"@type\":\"WebSite\",\"@id\":\"https:\/\/www.comprarpollastreecologic.com\/#website\",\"url\":\"https:\/\/www.comprarpollastreecologic.com\/\",\"name\":\"Debosc - Agroecologia conscient\",\"description\":\"Pollastres ecol\u00f2gics criats dins del bosc\",\"potentialAction\":[{\"@type\":\"SearchAction\",\"target\":{\"@type\":\"EntryPoint\",\"urlTemplate\":\"https:\/\/www.comprarpollastreecologic.com\/?s={search_term_string}\"},\"query-input\":{\"@type\":\"PropertyValueSpecification\",\"valueRequired\":true,\"valueName\":\"search_term_string\"}}],\"inLanguage\":\"es\"}]}<\/script>\n<!-- \/ Yoast SEO plugin. -->","yoast_head_json":{"title":"Visita granja - ADULTO - Debosc - Agroecologia conscient","description":"Visita a granja ecol\u00f3gica en Girona. Ven a conocer Debosc: pollos criados en el bosque, libertad 24 h y sin medicamentos. Experiencia para familias.","robots":{"index":"index","follow":"follow","max-snippet":"max-snippet:-1","max-image-preview":"max-image-preview:large","max-video-preview":"max-video-preview:-1"},"canonical":"https:\/\/www.comprarpollastreecologic.com\/es\/producte\/visita-granja-girona\/","og_locale":"es_ES","og_type":"article","og_title":"Visita granja - ADULTO - Debosc - Agroecologia conscient","og_description":"Visita a granja ecol\u00f3gica en Girona. Ven a conocer Debosc: pollos criados en el bosque, libertad 24 h y sin medicamentos. Experiencia para familias.","og_url":"https:\/\/www.comprarpollastreecologic.com\/es\/producte\/visita-granja-girona\/","og_site_name":"Debosc - Agroecologia conscient","article_modified_time":"2026-03-14T13:07:37+00:00","og_image":[{"width":1000,"height":746,"url":"https:\/\/www.comprarpollastreecologic.com\/wp-content\/uploads\/2024\/06\/nuria-debosc.jpg","type":"image\/jpeg"}],"twitter_card":"summary_large_image","twitter_misc":{"Tiempo de lectura":"1 minuto"},"schema":{"@context":"https:\/\/schema.org","@graph":[{"@type":"WebPage","@id":"https:\/\/www.comprarpollastreecologic.com\/es\/producte\/visita-granja-girona\/","url":"https:\/\/www.comprarpollastreecologic.com\/es\/producte\/visita-granja-girona\/","name":"Visita granja - ADULTO - Debosc - Agroecologia conscient","isPartOf":{"@id":"https:\/\/www.comprarpollastreecologic.com\/#website"},"primaryImageOfPage":{"@id":"https:\/\/www.comprarpollastreecologic.com\/es\/producte\/visita-granja-girona\/#primaryimage"},"image":{"@id":"https:\/\/www.comprarpollastreecologic.com\/es\/producte\/visita-granja-girona\/#primaryimage"},"thumbnailUrl":"https:\/\/www.comprarpollastreecologic.com\/wp-content\/uploads\/2024\/06\/nuria-debosc.jpg","datePublished":"2024-07-23T14:34:01+00:00","dateModified":"2026-03-14T13:07:37+00:00","description":"Visita a granja ecol\u00f3gica en Girona. Ven a conocer Debosc: pollos criados en el bosque, libertad 24 h y sin medicamentos. Experiencia para familias.","breadcrumb":{"@id":"https:\/\/www.comprarpollastreecologic.com\/es\/producte\/visita-granja-girona\/#breadcrumb"},"inLanguage":"es","potentialAction":[{"@type":"ReadAction","target":["https:\/\/www.comprarpollastreecologic.com\/es\/producte\/visita-granja-girona\/"]}]},{"@type":"ImageObject","inLanguage":"es","@id":"https:\/\/www.comprarpollastreecologic.com\/es\/producte\/visita-granja-girona\/#primaryimage","url":"https:\/\/www.comprarpollastreecologic.com\/wp-content\/uploads\/2024\/06\/nuria-debosc.jpg","contentUrl":"https:\/\/www.comprarpollastreecologic.com\/wp-content\/uploads\/2024\/06\/nuria-debosc.jpg","width":1000,"height":746,"caption":"Fotografia per reservar 'visita la granja' per a adults."},{"@type":"BreadcrumbList","@id":"https:\/\/www.comprarpollastreecologic.com\/es\/producte\/visita-granja-girona\/#breadcrumb","itemListElement":[{"@type":"ListItem","position":1,"name":"Inici","item":"https:\/\/www.comprarpollastreecologic.com\/es\/home\/"},{"@type":"ListItem","position":2,"name":"Tienda","item":"https:\/\/www.comprarpollastreecologic.com\/es\/tienda\/"},{"@type":"ListItem","position":3,"name":"Visita granja &#8211; ADULTO"}]},{"@type":"WebSite","@id":"https:\/\/www.comprarpollastreecologic.com\/#website","url":"https:\/\/www.comprarpollastreecologic.com\/","name":"Debosc - Agroecologia conscient","description":"Pollastres ecol\u00f2gics criats dins del bosc","potentialAction":[{"@type":"SearchAction","target":{"@type":"EntryPoint","urlTemplate":"https:\/\/www.comprarpollastreecologic.com\/?s={search_term_string}"},"query-input":{"@type":"PropertyValueSpecification","valueRequired":true,"valueName":"search_term_string"}}],"inLanguage":"es"}]}},"_links":{"self":[{"href":"https:\/\/www.comprarpollastreecologic.com\/es\/wp-json\/wp\/v2\/product\/3667","targetHints":{"allow":["GET"]}}],"collection":[{"href":"https:\/\/www.comprarpollastreecologic.com\/es\/wp-json\/wp\/v2\/product"}],"about":[{"href":"https:\/\/www.comprarpollastreecologic.com\/es\/wp-json\/wp\/v2\/types\/product"}],"replies":[{"embeddable":true,"href":"https:\/\/www.comprarpollastreecologic.com\/es\/wp-json\/wp\/v2\/comments?post=3667"}],"wp:featuredmedia":[{"embeddable":true,"href":"https:\/\/www.comprarpollastreecologic.com\/es\/wp-json\/wp\/v2\/media\/3426"}],"wp:attachment":[{"href":"https:\/\/www.comprarpollastreecologic.com\/es\/wp-json\/wp\/v2\/media?parent=3667"}],"wp:term":[{"taxonomy":"product_brand","embeddable":true,"href":"https:\/\/www.comprarpollastreecologic.com\/es\/wp-json\/wp\/v2\/product_brand?post=3667"},{"taxonomy":"product_cat","embeddable":true,"href":"https:\/\/www.comprarpollastreecologic.com\/es\/wp-json\/wp\/v2\/product_cat?post=3667"},{"taxonomy":"product_tag","embeddable":true,"href":"https:\/\/www.comprarpollastreecologic.com\/es\/wp-json\/wp\/v2\/product_tag?post=3667"}],"curies":[{"name":"wp","href":"https:\/\/api.w.org\/{rel}","templated":true}]}}