{"id":3666,"date":"2024-07-23T14:34:14","date_gmt":"2024-07-23T14:34:14","guid":{"rendered":"https:\/\/www.comprarpollastreecologic.com\/producte\/visita-granja-nino\/"},"modified":"2026-04-03T10:12:09","modified_gmt":"2026-04-03T10:12:09","slug":"visita-granja-nino-nina","status":"publish","type":"product","link":"https:\/\/www.comprarpollastreecologic.com\/es\/producte\/visita-granja-nino-nina\/","title":{"rendered":"Visita Granja &#8211; Infantil"},"content":{"rendered":"<p>Os acompa\u00f1aremos a dar una vuelta por la granja y sus instalaciones. Vereis los polluelos m\u00e1s peque\u00f1os, que todav\u00eda est\u00e1n en los nidos, y los pollos que campan por el bosque a sus anchas.<\/p>\n<p>Podr\u00e9is coger un pollito y acariciarlo. Ver\u00e9is qu\u00e9 suave \u00e9s.<\/p>\n<p>Conocer\u00e9is los Valores que sostienen este proyecto y c\u00f3mo hemos llegado hasta d\u00f3nde estamos ahora.<\/p>\n<p>Las visitas que organizamos duran 1 hora y media aproximadamente. Haga <a href=\"https:\/\/www.comprarpollastreecologic.com\/es\/visita\/\">clic aqu\u00ed<\/a> para m\u00e1s informaci\u00f3n.<\/p>\n","protected":false},"excerpt":{"rendered":"<p>Ni\u00f1os\/as de m\u00e1s de 4 a\u00f1os<\/p>\n<div id=\"gtx-trans\" style=\"position: absolute; left: 138px; top: 38px;\">\n<div class=\"gtx-trans-icon\"><\/div>\n<\/div>\n","protected":false},"featured_media":3432,"comment_status":"open","ping_status":"closed","template":"","meta":[],"product_brand":[],"product_cat":[80],"product_tag":[150,148],"class_list":{"0":"post-3666","1":"product","2":"type-product","3":"status-publish","4":"has-post-thumbnail","6":"product_cat-visita-es","7":"product_tag-visita-en-familia","8":"product_tag-visita-granja","10":"first","11":"instock","12":"virtual","13":"taxable","14":"purchasable","15":"product-type-simple"},"yoast_head":"<!-- This site is optimized with the Yoast SEO plugin v25.0 - https:\/\/yoast.com\/wordpress\/plugins\/seo\/ -->\n<title>Visita Granja - Infantil - Debosc - Agroecologia conscient<\/title>\n<meta name=\"description\" content=\"Visita a granja ecol\u00f3gica en Girona. Ven a conocer Debosc: pollos criados en el bosque, libertad 24 h y sin medicamentos. Experiencia para familias.\" \/>\n<meta name=\"robots\" content=\"index, follow, max-snippet:-1, max-image-preview:large, max-video-preview:-1\" \/>\n<link rel=\"canonical\" href=\"https:\/\/www.comprarpollastreecologic.com\/es\/producte\/visita-granja-nino-nina\/\" \/>\n<meta property=\"og:locale\" content=\"es_ES\" \/>\n<meta property=\"og:type\" content=\"article\" \/>\n<meta property=\"og:title\" content=\"Visita Granja - Infantil - Debosc - Agroecologia conscient\" \/>\n<meta property=\"og:description\" content=\"Visita a granja ecol\u00f3gica en Girona. Ven a conocer Debosc: pollos criados en el bosque, libertad 24 h y sin medicamentos. Experiencia para familias.\" \/>\n<meta property=\"og:url\" content=\"https:\/\/www.comprarpollastreecologic.com\/es\/producte\/visita-granja-nino-nina\/\" \/>\n<meta property=\"og:site_name\" content=\"Debosc - Agroecologia conscient\" \/>\n<meta property=\"article:modified_time\" content=\"2026-04-03T10:12:09+00:00\" \/>\n<meta property=\"og:image\" content=\"https:\/\/www.comprarpollastreecologic.com\/wp-content\/uploads\/2024\/07\/pollet-roc.jpg\" \/>\n\t<meta property=\"og:image:width\" content=\"1000\" \/>\n\t<meta property=\"og:image:height\" content=\"746\" \/>\n\t<meta property=\"og:image:type\" content=\"image\/jpeg\" \/>\n<meta name=\"twitter:card\" content=\"summary_large_image\" \/>\n<meta name=\"twitter:label1\" content=\"Tiempo de lectura\" \/>\n\t<meta name=\"twitter:data1\" content=\"1 minuto\" \/>\n<script type=\"application\/ld+json\" class=\"yoast-schema-graph\">{\"@context\":\"https:\/\/schema.org\",\"@graph\":[{\"@type\":\"WebPage\",\"@id\":\"https:\/\/www.comprarpollastreecologic.com\/es\/producte\/visita-granja-nino-nina\/\",\"url\":\"https:\/\/www.comprarpollastreecologic.com\/es\/producte\/visita-granja-nino-nina\/\",\"name\":\"Visita Granja - Infantil - Debosc - Agroecologia conscient\",\"isPartOf\":{\"@id\":\"https:\/\/www.comprarpollastreecologic.com\/#website\"},\"primaryImageOfPage\":{\"@id\":\"https:\/\/www.comprarpollastreecologic.com\/es\/producte\/visita-granja-nino-nina\/#primaryimage\"},\"image\":{\"@id\":\"https:\/\/www.comprarpollastreecologic.com\/es\/producte\/visita-granja-nino-nina\/#primaryimage\"},\"thumbnailUrl\":\"https:\/\/www.comprarpollastreecologic.com\/wp-content\/uploads\/2024\/07\/pollet-roc.jpg\",\"datePublished\":\"2024-07-23T14:34:14+00:00\",\"dateModified\":\"2026-04-03T10:12:09+00:00\",\"description\":\"Visita a granja ecol\u00f3gica en Girona. Ven a conocer Debosc: pollos criados en el bosque, libertad 24 h y sin medicamentos. Experiencia para familias.\",\"breadcrumb\":{\"@id\":\"https:\/\/www.comprarpollastreecologic.com\/es\/producte\/visita-granja-nino-nina\/#breadcrumb\"},\"inLanguage\":\"es\",\"potentialAction\":[{\"@type\":\"ReadAction\",\"target\":[\"https:\/\/www.comprarpollastreecologic.com\/es\/producte\/visita-granja-nino-nina\/\"]}]},{\"@type\":\"ImageObject\",\"inLanguage\":\"es\",\"@id\":\"https:\/\/www.comprarpollastreecologic.com\/es\/producte\/visita-granja-nino-nina\/#primaryimage\",\"url\":\"https:\/\/www.comprarpollastreecologic.com\/wp-content\/uploads\/2024\/07\/pollet-roc.jpg\",\"contentUrl\":\"https:\/\/www.comprarpollastreecologic.com\/wp-content\/uploads\/2024\/07\/pollet-roc.jpg\",\"width\":1000,\"height\":746,\"caption\":\"Fotografia de portada per a la reserva de 'visita la granja' per a infants.\"},{\"@type\":\"BreadcrumbList\",\"@id\":\"https:\/\/www.comprarpollastreecologic.com\/es\/producte\/visita-granja-nino-nina\/#breadcrumb\",\"itemListElement\":[{\"@type\":\"ListItem\",\"position\":1,\"name\":\"Inici\",\"item\":\"https:\/\/www.comprarpollastreecologic.com\/es\/home\/\"},{\"@type\":\"ListItem\",\"position\":2,\"name\":\"Tienda\",\"item\":\"https:\/\/www.comprarpollastreecologic.com\/es\/tienda\/\"},{\"@type\":\"ListItem\",\"position\":3,\"name\":\"Visita Granja &#8211; Infantil\"}]},{\"@type\":\"WebSite\",\"@id\":\"https:\/\/www.comprarpollastreecologic.com\/#website\",\"url\":\"https:\/\/www.comprarpollastreecologic.com\/\",\"name\":\"Debosc - Agroecologia conscient\",\"description\":\"Pollastres ecol\u00f2gics criats dins del bosc\",\"potentialAction\":[{\"@type\":\"SearchAction\",\"target\":{\"@type\":\"EntryPoint\",\"urlTemplate\":\"https:\/\/www.comprarpollastreecologic.com\/?s={search_term_string}\"},\"query-input\":{\"@type\":\"PropertyValueSpecification\",\"valueRequired\":true,\"valueName\":\"search_term_string\"}}],\"inLanguage\":\"es\"}]}<\/script>\n<!-- \/ Yoast SEO plugin. -->","yoast_head_json":{"title":"Visita Granja - Infantil - Debosc - Agroecologia conscient","description":"Visita a granja ecol\u00f3gica en Girona. Ven a conocer Debosc: pollos criados en el bosque, libertad 24 h y sin medicamentos. Experiencia para familias.","robots":{"index":"index","follow":"follow","max-snippet":"max-snippet:-1","max-image-preview":"max-image-preview:large","max-video-preview":"max-video-preview:-1"},"canonical":"https:\/\/www.comprarpollastreecologic.com\/es\/producte\/visita-granja-nino-nina\/","og_locale":"es_ES","og_type":"article","og_title":"Visita Granja - Infantil - Debosc - Agroecologia conscient","og_description":"Visita a granja ecol\u00f3gica en Girona. Ven a conocer Debosc: pollos criados en el bosque, libertad 24 h y sin medicamentos. Experiencia para familias.","og_url":"https:\/\/www.comprarpollastreecologic.com\/es\/producte\/visita-granja-nino-nina\/","og_site_name":"Debosc - Agroecologia conscient","article_modified_time":"2026-04-03T10:12:09+00:00","og_image":[{"width":1000,"height":746,"url":"https:\/\/www.comprarpollastreecologic.com\/wp-content\/uploads\/2024\/07\/pollet-roc.jpg","type":"image\/jpeg"}],"twitter_card":"summary_large_image","twitter_misc":{"Tiempo de lectura":"1 minuto"},"schema":{"@context":"https:\/\/schema.org","@graph":[{"@type":"WebPage","@id":"https:\/\/www.comprarpollastreecologic.com\/es\/producte\/visita-granja-nino-nina\/","url":"https:\/\/www.comprarpollastreecologic.com\/es\/producte\/visita-granja-nino-nina\/","name":"Visita Granja - Infantil - Debosc - Agroecologia conscient","isPartOf":{"@id":"https:\/\/www.comprarpollastreecologic.com\/#website"},"primaryImageOfPage":{"@id":"https:\/\/www.comprarpollastreecologic.com\/es\/producte\/visita-granja-nino-nina\/#primaryimage"},"image":{"@id":"https:\/\/www.comprarpollastreecologic.com\/es\/producte\/visita-granja-nino-nina\/#primaryimage"},"thumbnailUrl":"https:\/\/www.comprarpollastreecologic.com\/wp-content\/uploads\/2024\/07\/pollet-roc.jpg","datePublished":"2024-07-23T14:34:14+00:00","dateModified":"2026-04-03T10:12:09+00:00","description":"Visita a granja ecol\u00f3gica en Girona. Ven a conocer Debosc: pollos criados en el bosque, libertad 24 h y sin medicamentos. Experiencia para familias.","breadcrumb":{"@id":"https:\/\/www.comprarpollastreecologic.com\/es\/producte\/visita-granja-nino-nina\/#breadcrumb"},"inLanguage":"es","potentialAction":[{"@type":"ReadAction","target":["https:\/\/www.comprarpollastreecologic.com\/es\/producte\/visita-granja-nino-nina\/"]}]},{"@type":"ImageObject","inLanguage":"es","@id":"https:\/\/www.comprarpollastreecologic.com\/es\/producte\/visita-granja-nino-nina\/#primaryimage","url":"https:\/\/www.comprarpollastreecologic.com\/wp-content\/uploads\/2024\/07\/pollet-roc.jpg","contentUrl":"https:\/\/www.comprarpollastreecologic.com\/wp-content\/uploads\/2024\/07\/pollet-roc.jpg","width":1000,"height":746,"caption":"Fotografia de portada per a la reserva de 'visita la granja' per a infants."},{"@type":"BreadcrumbList","@id":"https:\/\/www.comprarpollastreecologic.com\/es\/producte\/visita-granja-nino-nina\/#breadcrumb","itemListElement":[{"@type":"ListItem","position":1,"name":"Inici","item":"https:\/\/www.comprarpollastreecologic.com\/es\/home\/"},{"@type":"ListItem","position":2,"name":"Tienda","item":"https:\/\/www.comprarpollastreecologic.com\/es\/tienda\/"},{"@type":"ListItem","position":3,"name":"Visita Granja &#8211; Infantil"}]},{"@type":"WebSite","@id":"https:\/\/www.comprarpollastreecologic.com\/#website","url":"https:\/\/www.comprarpollastreecologic.com\/","name":"Debosc - Agroecologia conscient","description":"Pollastres ecol\u00f2gics criats dins del bosc","potentialAction":[{"@type":"SearchAction","target":{"@type":"EntryPoint","urlTemplate":"https:\/\/www.comprarpollastreecologic.com\/?s={search_term_string}"},"query-input":{"@type":"PropertyValueSpecification","valueRequired":true,"valueName":"search_term_string"}}],"inLanguage":"es"}]}},"_links":{"self":[{"href":"https:\/\/www.comprarpollastreecologic.com\/es\/wp-json\/wp\/v2\/product\/3666","targetHints":{"allow":["GET"]}}],"collection":[{"href":"https:\/\/www.comprarpollastreecologic.com\/es\/wp-json\/wp\/v2\/product"}],"about":[{"href":"https:\/\/www.comprarpollastreecologic.com\/es\/wp-json\/wp\/v2\/types\/product"}],"replies":[{"embeddable":true,"href":"https:\/\/www.comprarpollastreecologic.com\/es\/wp-json\/wp\/v2\/comments?post=3666"}],"wp:featuredmedia":[{"embeddable":true,"href":"https:\/\/www.comprarpollastreecologic.com\/es\/wp-json\/wp\/v2\/media\/3432"}],"wp:attachment":[{"href":"https:\/\/www.comprarpollastreecologic.com\/es\/wp-json\/wp\/v2\/media?parent=3666"}],"wp:term":[{"taxonomy":"product_brand","embeddable":true,"href":"https:\/\/www.comprarpollastreecologic.com\/es\/wp-json\/wp\/v2\/product_brand?post=3666"},{"taxonomy":"product_cat","embeddable":true,"href":"https:\/\/www.comprarpollastreecologic.com\/es\/wp-json\/wp\/v2\/product_cat?post=3666"},{"taxonomy":"product_tag","embeddable":true,"href":"https:\/\/www.comprarpollastreecologic.com\/es\/wp-json\/wp\/v2\/product_tag?post=3666"}],"curies":[{"name":"wp","href":"https:\/\/api.w.org\/{rel}","templated":true}]}}