{"id":3663,"date":"2024-06-12T08:53:41","date_gmt":"2024-06-12T08:53:41","guid":{"rendered":"https:\/\/www.comprarpollastreecologic.com\/producte\/gallina-ecologica-entera\/"},"modified":"2026-01-29T18:46:05","modified_gmt":"2026-01-29T18:46:05","slug":"gallina-ecologica-entera","status":"publish","type":"product","link":"https:\/\/www.comprarpollastreecologic.com\/es\/producte\/gallina-ecologica-entera\/","title":{"rendered":"Gallina ecologica entera"},"content":{"rendered":"<p>La Gallina \u00e9s m\u00e1s grasa y proteica que la carne de pollo. Es deal para a\u00f1adirla a la hora de realizar el caldo o elaborar un guiso<\/p>\n<p>La gallina ecol\u00f3gica Debosc siempre la pesamos antes de ser cortada<\/p>\n<p><strong>Precio por unidad<\/strong><\/p>\n<p><strong>Carne fresca.<\/strong> Se puede congelar<\/p>\n<p><strong>Fecha caducidad:<\/strong> 5 d\u00edas desde la fecha de entrega (mi\u00e9rcoles) Certificado ecol\u00f3gico por el CCPAE. Operador n\u00famero CT5419PE Los menudillos (molleja, h\u00edgado, coraz\u00f3n, patas, cuello y cabeza) de la gallina ecol\u00f3gica Debosc se los encontrar\u00e1 en una bolsa separada y dentro de la misma bandeja.<\/p>\n<p>&nbsp;<\/p>\n","protected":false},"excerpt":{"rendered":"<div id=\"footerBlocksTop\" class=\"sqs-layout sqs-grid-12 columns-12 Footer-blocks Footer-blocks--top sqs-alternate-block-style-container sqs-frontend-overlay-editor-widget-host sqs-editing sqs-frontend-node-header-widget-host\" tabindex=\"0\" data-layout-label=\"Bloques Superior del Pie de P\u00e1gina\" data-type=\"block-field\" data-blocks-rendered=\"\">\n<div id=\"yui_3_17_2_1_1717749822502_1085\" class=\"sqs-row\">\n<div id=\"yui_3_17_2_1_1717749822502_1084\" class=\"sqs-col sqs-col-12\">\n<div id=\"block-6f33dbc744076c0f5f33\" class=\"yui3-widget yui3-block-base yui3-block-parent-base sqs-block-html sqs-block html-block sqs-block-editable sqs-block-focused yui3-dd-drop\" aria-labelledby=\"yui_3_17_2_1_1717749822502_1089\">\n<div class=\"sqs-layout-insert-point-container\">\n<div class=\"sqs-prevent-block-focus-change sqs-layout-insert-point sqs-layout-insert-point-type-block sqs-layout-insert-point-position-bottom sqs-layout-insert-point-topmost\">\n<p>Gallina a partir de 4 meses de edad. La servimos cortada por la mitad, o entera para cocinar \u00abal horno\u00bb. Para otros formatos de corte, puede indicarlo en el apartado de \u00abcomentarios\u00bb<\/p>\n<\/div>\n<\/div>\n<div id=\"yui_3_17_2_1_1717749822502_1107\" class=\"yui3-widget sqs-widget sqs-block-editor-button-container\" role=\"toolbar\"><\/div>\n<\/div>\n<\/div>\n<\/div>\n<\/div>\n<div class=\"Footer-middle\">\n<div class=\"Footer-business\"><\/div>\n<div id=\"footerBlocksMiddle\" class=\"sqs-layout sqs-grid-12 columns-12 Footer-blocks Footer-blocks--middle sqs-alternate-block-style-container sqs-frontend-overlay-editor-widget-host\" tabindex=\"0\" data-layout-label=\"Bloques Intermedio del Pie de P\u00e1gina\" data-type=\"block-field\">\n<div class=\"row sqs-row\">\n<div class=\"col sqs-col-12 span-12\">\n<div id=\"block-64c78cebc20207b7d2ae\" class=\"sqs-block horizontalrule-block sqs-block-horizontalrule\" data-block-type=\"47\"><\/div>\n<\/div>\n<\/div>\n<\/div>\n<\/div>\n<div id=\"gtx-trans\" style=\"position: absolute; left: 470px; top: -10px;\">\n<div class=\"gtx-trans-icon\"><\/div>\n<\/div>\n","protected":false},"featured_media":3420,"comment_status":"open","ping_status":"closed","template":"","meta":[],"product_brand":[],"product_cat":[76],"product_tag":[171,172],"class_list":{"0":"post-3663","1":"product","2":"type-product","3":"status-publish","4":"has-post-thumbnail","6":"product_cat-pollo","7":"product_tag-caldo-es","8":"product_tag-caldo-es-2","10":"first","11":"instock","12":"taxable","13":"shipping-taxable","14":"purchasable","15":"product-type-simple"},"yoast_head":"<!-- This site is optimized with the Yoast SEO plugin v25.0 - https:\/\/yoast.com\/wordpress\/plugins\/seo\/ -->\n<title>Gallina ecologica entera - Debosc - Agroecologia conscient<\/title>\n<meta name=\"description\" content=\"gallina ecol\u00f3gica Girona. Gallina criada en el bosque en libertad 24h, sin medicamentos ni residuos. Debosc: mucho m\u00e1s que ecol\u00f3gico y sabor aut\u00e9ntico\" \/>\n<meta name=\"robots\" content=\"index, follow, max-snippet:-1, max-image-preview:large, max-video-preview:-1\" \/>\n<link rel=\"canonical\" href=\"https:\/\/www.comprarpollastreecologic.com\/es\/producte\/gallina-ecologica-entera\/\" \/>\n<meta property=\"og:locale\" content=\"es_ES\" \/>\n<meta property=\"og:type\" content=\"article\" \/>\n<meta property=\"og:title\" content=\"Gallina ecologica entera - Debosc - Agroecologia conscient\" \/>\n<meta property=\"og:description\" content=\"gallina ecol\u00f3gica Girona. Gallina criada en el bosque en libertad 24h, sin medicamentos ni residuos. Debosc: mucho m\u00e1s que ecol\u00f3gico y sabor aut\u00e9ntico\" \/>\n<meta property=\"og:url\" content=\"https:\/\/www.comprarpollastreecologic.com\/es\/producte\/gallina-ecologica-entera\/\" \/>\n<meta property=\"og:site_name\" content=\"Debosc - Agroecologia conscient\" \/>\n<meta property=\"article:modified_time\" content=\"2026-01-29T18:46:05+00:00\" \/>\n<meta property=\"og:image\" content=\"https:\/\/www.comprarpollastreecologic.com\/wp-content\/uploads\/2024\/06\/dbosc0034.jpg\" \/>\n\t<meta property=\"og:image:width\" content=\"2048\" \/>\n\t<meta property=\"og:image:height\" content=\"2048\" \/>\n\t<meta property=\"og:image:type\" content=\"image\/jpeg\" \/>\n<meta name=\"twitter:card\" content=\"summary_large_image\" \/>\n<meta name=\"twitter:label1\" content=\"Tiempo de lectura\" \/>\n\t<meta name=\"twitter:data1\" content=\"1 minuto\" \/>\n<script type=\"application\/ld+json\" class=\"yoast-schema-graph\">{\"@context\":\"https:\/\/schema.org\",\"@graph\":[{\"@type\":\"WebPage\",\"@id\":\"https:\/\/www.comprarpollastreecologic.com\/es\/producte\/gallina-ecologica-entera\/\",\"url\":\"https:\/\/www.comprarpollastreecologic.com\/es\/producte\/gallina-ecologica-entera\/\",\"name\":\"Gallina ecologica entera - Debosc - Agroecologia conscient\",\"isPartOf\":{\"@id\":\"https:\/\/www.comprarpollastreecologic.com\/#website\"},\"primaryImageOfPage\":{\"@id\":\"https:\/\/www.comprarpollastreecologic.com\/es\/producte\/gallina-ecologica-entera\/#primaryimage\"},\"image\":{\"@id\":\"https:\/\/www.comprarpollastreecologic.com\/es\/producte\/gallina-ecologica-entera\/#primaryimage\"},\"thumbnailUrl\":\"https:\/\/www.comprarpollastreecologic.com\/wp-content\/uploads\/2024\/06\/dbosc0034.jpg\",\"datePublished\":\"2024-06-12T08:53:41+00:00\",\"dateModified\":\"2026-01-29T18:46:05+00:00\",\"description\":\"gallina ecol\u00f3gica Girona. Gallina criada en el bosque en libertad 24h, sin medicamentos ni residuos. Debosc: mucho m\u00e1s que ecol\u00f3gico y sabor aut\u00e9ntico\",\"breadcrumb\":{\"@id\":\"https:\/\/www.comprarpollastreecologic.com\/es\/producte\/gallina-ecologica-entera\/#breadcrumb\"},\"inLanguage\":\"es\",\"potentialAction\":[{\"@type\":\"ReadAction\",\"target\":[\"https:\/\/www.comprarpollastreecologic.com\/es\/producte\/gallina-ecologica-entera\/\"]}]},{\"@type\":\"ImageObject\",\"inLanguage\":\"es\",\"@id\":\"https:\/\/www.comprarpollastreecologic.com\/es\/producte\/gallina-ecologica-entera\/#primaryimage\",\"url\":\"https:\/\/www.comprarpollastreecologic.com\/wp-content\/uploads\/2024\/06\/dbosc0034.jpg\",\"contentUrl\":\"https:\/\/www.comprarpollastreecologic.com\/wp-content\/uploads\/2024\/06\/dbosc0034.jpg\",\"width\":2048,\"height\":2048,\"caption\":\"pollastre ecol\u00f2gic forn Girona. Pollastre sencer amb cap, coll i potes, criat al bosc a Girona, sense medicaments. Debosc: molt m\u00e9s que ecol\u00f2gic.\"},{\"@type\":\"BreadcrumbList\",\"@id\":\"https:\/\/www.comprarpollastreecologic.com\/es\/producte\/gallina-ecologica-entera\/#breadcrumb\",\"itemListElement\":[{\"@type\":\"ListItem\",\"position\":1,\"name\":\"Inici\",\"item\":\"https:\/\/www.comprarpollastreecologic.com\/es\/home\/\"},{\"@type\":\"ListItem\",\"position\":2,\"name\":\"Tienda\",\"item\":\"https:\/\/www.comprarpollastreecologic.com\/es\/tienda\/\"},{\"@type\":\"ListItem\",\"position\":3,\"name\":\"Gallina ecologica entera\"}]},{\"@type\":\"WebSite\",\"@id\":\"https:\/\/www.comprarpollastreecologic.com\/#website\",\"url\":\"https:\/\/www.comprarpollastreecologic.com\/\",\"name\":\"Debosc - Agroecologia conscient\",\"description\":\"Pollastres ecol\u00f2gics criats dins del bosc\",\"potentialAction\":[{\"@type\":\"SearchAction\",\"target\":{\"@type\":\"EntryPoint\",\"urlTemplate\":\"https:\/\/www.comprarpollastreecologic.com\/?s={search_term_string}\"},\"query-input\":{\"@type\":\"PropertyValueSpecification\",\"valueRequired\":true,\"valueName\":\"search_term_string\"}}],\"inLanguage\":\"es\"}]}<\/script>\n<!-- \/ Yoast SEO plugin. -->","yoast_head_json":{"title":"Gallina ecologica entera - Debosc - Agroecologia conscient","description":"gallina ecol\u00f3gica Girona. Gallina criada en el bosque en libertad 24h, sin medicamentos ni residuos. Debosc: mucho m\u00e1s que ecol\u00f3gico y sabor aut\u00e9ntico","robots":{"index":"index","follow":"follow","max-snippet":"max-snippet:-1","max-image-preview":"max-image-preview:large","max-video-preview":"max-video-preview:-1"},"canonical":"https:\/\/www.comprarpollastreecologic.com\/es\/producte\/gallina-ecologica-entera\/","og_locale":"es_ES","og_type":"article","og_title":"Gallina ecologica entera - Debosc - Agroecologia conscient","og_description":"gallina ecol\u00f3gica Girona. Gallina criada en el bosque en libertad 24h, sin medicamentos ni residuos. Debosc: mucho m\u00e1s que ecol\u00f3gico y sabor aut\u00e9ntico","og_url":"https:\/\/www.comprarpollastreecologic.com\/es\/producte\/gallina-ecologica-entera\/","og_site_name":"Debosc - Agroecologia conscient","article_modified_time":"2026-01-29T18:46:05+00:00","og_image":[{"width":2048,"height":2048,"url":"https:\/\/www.comprarpollastreecologic.com\/wp-content\/uploads\/2024\/06\/dbosc0034.jpg","type":"image\/jpeg"}],"twitter_card":"summary_large_image","twitter_misc":{"Tiempo de lectura":"1 minuto"},"schema":{"@context":"https:\/\/schema.org","@graph":[{"@type":"WebPage","@id":"https:\/\/www.comprarpollastreecologic.com\/es\/producte\/gallina-ecologica-entera\/","url":"https:\/\/www.comprarpollastreecologic.com\/es\/producte\/gallina-ecologica-entera\/","name":"Gallina ecologica entera - Debosc - Agroecologia conscient","isPartOf":{"@id":"https:\/\/www.comprarpollastreecologic.com\/#website"},"primaryImageOfPage":{"@id":"https:\/\/www.comprarpollastreecologic.com\/es\/producte\/gallina-ecologica-entera\/#primaryimage"},"image":{"@id":"https:\/\/www.comprarpollastreecologic.com\/es\/producte\/gallina-ecologica-entera\/#primaryimage"},"thumbnailUrl":"https:\/\/www.comprarpollastreecologic.com\/wp-content\/uploads\/2024\/06\/dbosc0034.jpg","datePublished":"2024-06-12T08:53:41+00:00","dateModified":"2026-01-29T18:46:05+00:00","description":"gallina ecol\u00f3gica Girona. Gallina criada en el bosque en libertad 24h, sin medicamentos ni residuos. Debosc: mucho m\u00e1s que ecol\u00f3gico y sabor aut\u00e9ntico","breadcrumb":{"@id":"https:\/\/www.comprarpollastreecologic.com\/es\/producte\/gallina-ecologica-entera\/#breadcrumb"},"inLanguage":"es","potentialAction":[{"@type":"ReadAction","target":["https:\/\/www.comprarpollastreecologic.com\/es\/producte\/gallina-ecologica-entera\/"]}]},{"@type":"ImageObject","inLanguage":"es","@id":"https:\/\/www.comprarpollastreecologic.com\/es\/producte\/gallina-ecologica-entera\/#primaryimage","url":"https:\/\/www.comprarpollastreecologic.com\/wp-content\/uploads\/2024\/06\/dbosc0034.jpg","contentUrl":"https:\/\/www.comprarpollastreecologic.com\/wp-content\/uploads\/2024\/06\/dbosc0034.jpg","width":2048,"height":2048,"caption":"pollastre ecol\u00f2gic forn Girona. Pollastre sencer amb cap, coll i potes, criat al bosc a Girona, sense medicaments. Debosc: molt m\u00e9s que ecol\u00f2gic."},{"@type":"BreadcrumbList","@id":"https:\/\/www.comprarpollastreecologic.com\/es\/producte\/gallina-ecologica-entera\/#breadcrumb","itemListElement":[{"@type":"ListItem","position":1,"name":"Inici","item":"https:\/\/www.comprarpollastreecologic.com\/es\/home\/"},{"@type":"ListItem","position":2,"name":"Tienda","item":"https:\/\/www.comprarpollastreecologic.com\/es\/tienda\/"},{"@type":"ListItem","position":3,"name":"Gallina ecologica entera"}]},{"@type":"WebSite","@id":"https:\/\/www.comprarpollastreecologic.com\/#website","url":"https:\/\/www.comprarpollastreecologic.com\/","name":"Debosc - Agroecologia conscient","description":"Pollastres ecol\u00f2gics criats dins del bosc","potentialAction":[{"@type":"SearchAction","target":{"@type":"EntryPoint","urlTemplate":"https:\/\/www.comprarpollastreecologic.com\/?s={search_term_string}"},"query-input":{"@type":"PropertyValueSpecification","valueRequired":true,"valueName":"search_term_string"}}],"inLanguage":"es"}]}},"_links":{"self":[{"href":"https:\/\/www.comprarpollastreecologic.com\/es\/wp-json\/wp\/v2\/product\/3663","targetHints":{"allow":["GET"]}}],"collection":[{"href":"https:\/\/www.comprarpollastreecologic.com\/es\/wp-json\/wp\/v2\/product"}],"about":[{"href":"https:\/\/www.comprarpollastreecologic.com\/es\/wp-json\/wp\/v2\/types\/product"}],"replies":[{"embeddable":true,"href":"https:\/\/www.comprarpollastreecologic.com\/es\/wp-json\/wp\/v2\/comments?post=3663"}],"wp:featuredmedia":[{"embeddable":true,"href":"https:\/\/www.comprarpollastreecologic.com\/es\/wp-json\/wp\/v2\/media\/3420"}],"wp:attachment":[{"href":"https:\/\/www.comprarpollastreecologic.com\/es\/wp-json\/wp\/v2\/media?parent=3663"}],"wp:term":[{"taxonomy":"product_brand","embeddable":true,"href":"https:\/\/www.comprarpollastreecologic.com\/es\/wp-json\/wp\/v2\/product_brand?post=3663"},{"taxonomy":"product_cat","embeddable":true,"href":"https:\/\/www.comprarpollastreecologic.com\/es\/wp-json\/wp\/v2\/product_cat?post=3663"},{"taxonomy":"product_tag","embeddable":true,"href":"https:\/\/www.comprarpollastreecologic.com\/es\/wp-json\/wp\/v2\/product_tag?post=3663"}],"curies":[{"name":"wp","href":"https:\/\/api.w.org\/{rel}","templated":true}]}}