{"id":3659,"date":"2024-10-07T07:27:22","date_gmt":"2024-10-07T07:27:22","guid":{"rendered":"https:\/\/www.comprarpollastreecologic.com\/producte\/alas-de-pollo-ecologico\/"},"modified":"2026-03-17T16:49:05","modified_gmt":"2026-03-17T16:49:05","slug":"alas-de-pollo-ecologico","status":"publish","type":"product","link":"https:\/\/www.comprarpollastreecologic.com\/es\/producte\/alas-de-pollo-ecologico\/","title":{"rendered":"Alas de pollo ecol\u00f3gico Debosc (pack 8 unidades)"},"content":{"rendered":"<p data-start=\"474\" data-end=\"706\">Las alas de pollo ecol\u00f3gico Debosc provienen de pollos criados en el bosque en Girona, con acceso permanente al exterior y en condiciones de libertad real. No utilizamos medicamentos preventivos ni sistemas intensivos de producci\u00f3n.<\/p>\n<p data-start=\"708\" data-end=\"873\">Es un producto mucho m\u00e1s que ecol\u00f3gico: los animales pastan entre \u00e1rboles, se mueven libremente las 24 horas del d\u00eda y desarrollan una carne con m\u00e1s sabor y textura.<\/p>\n<h3 data-section-id=\"j0roh8\" data-start=\"875\" data-end=\"907\">Caracter\u00edsticas del producto<\/h3>\n<ul data-start=\"908\" data-end=\"1082\">\n<li data-section-id=\"1vm1qtt\" data-start=\"908\" data-end=\"940\">\n<p data-start=\"910\" data-end=\"940\">Pack de 8 alas (aprox. 1 kg)<\/p>\n<\/li>\n<li data-section-id=\"1rhck2r\" data-start=\"941\" data-end=\"972\">\n<p data-start=\"943\" data-end=\"972\">Pollo ecol\u00f3gico certificado<\/p>\n<\/li>\n<li data-section-id=\"outblv\" data-start=\"973\" data-end=\"1007\">\n<p data-start=\"975\" data-end=\"1007\">Criados en el bosque en Girona<\/p>\n<\/li>\n<li data-section-id=\"1we3etl\" data-start=\"1008\" data-end=\"1055\">\n<p data-start=\"1010\" data-end=\"1055\">Sin medicamentos ni residuos farmacol\u00f3gicos<\/p>\n<\/li>\n<li data-section-id=\"1roq4eq\" data-start=\"1056\" data-end=\"1082\">\n<p data-start=\"1058\" data-end=\"1082\">Alimentaci\u00f3n ecol\u00f3gica<\/p>\n<\/li>\n<\/ul>\n<h3 data-section-id=\"1cjv2e2\" data-start=\"1084\" data-end=\"1106\">Ideal para cocinar<\/h3>\n<p data-start=\"1107\" data-end=\"1166\">Las alas son un corte muy vers\u00e1til y sabroso, ideales para:<\/p>\n<ul data-start=\"1167\" data-end=\"1238\">\n<li data-section-id=\"qmzbjw\" data-start=\"1167\" data-end=\"1176\">\n<p data-start=\"1169\" data-end=\"1176\">horno<\/p>\n<\/li>\n<li data-section-id=\"y8kyjv\" data-start=\"1177\" data-end=\"1186\">\n<p data-start=\"1179\" data-end=\"1186\">brasa<\/p>\n<\/li>\n<li data-section-id=\"vgh2uj\" data-start=\"1187\" data-end=\"1209\">\n<p data-start=\"1189\" data-end=\"1209\">fritas o rebozadas<\/p>\n<\/li>\n<li data-section-id=\"jk4scy\" data-start=\"1210\" data-end=\"1238\">\n<p data-start=\"1212\" data-end=\"1238\">cocina lenta o marinadas<\/p>\n<\/li>\n<\/ul>\n<p data-start=\"1240\" data-end=\"1315\">Su piel y estructura permiten obtener resultados muy sabrosos y crujientes. Las servimos cortadas.<\/p>\n<div id=\"gtx-trans\" style=\"position: absolute; left: 181px; top: 160px;\">\n<div class=\"gtx-trans-icon\"><\/div>\n<\/div>\n","protected":false},"excerpt":{"rendered":"<p style=\"line-height: 1.6;\">Alas de pollo ecol\u00f3gico Debosc (pack de 8 unidades cortadas. aprox. 1 kg), procedentes de pollos criados en el bosque en Girona, en libertad 24h y sin medicamentos.<\/p>\n","protected":false},"featured_media":3465,"comment_status":"open","ping_status":"closed","template":"","meta":[],"product_brand":[],"product_cat":[],"product_tag":[160,107,103],"class_list":{"0":"post-3659","1":"product","2":"type-product","3":"status-publish","4":"has-post-thumbnail","6":"product_tag-alas-de-pollo","7":"product_tag-pollo","8":"product_tag-pollo-ecologico","10":"first","11":"instock","12":"taxable","13":"shipping-taxable","14":"purchasable","15":"product-type-simple"},"yoast_head":"<!-- This site is optimized with the Yoast SEO plugin v25.0 - https:\/\/yoast.com\/wordpress\/plugins\/seo\/ -->\n<title>Alas de pollo ecol\u00f3gico Debosc (pack 8 unidades) - Debosc - Agroecologia conscient<\/title>\n<meta name=\"description\" content=\"alas pollo ecol\u00f3gico Girona. Alas Debosc criadas en el bosque en libertad 24h, sin medicamentos ni residuos. Mucho m\u00e1s que ecol\u00f3gico y con sabor aut\u00e9ntico.\" \/>\n<meta name=\"robots\" content=\"index, follow, max-snippet:-1, max-image-preview:large, max-video-preview:-1\" \/>\n<link rel=\"canonical\" href=\"https:\/\/www.comprarpollastreecologic.com\/es\/producte\/alas-de-pollo-ecologico\/\" \/>\n<meta property=\"og:locale\" content=\"es_ES\" \/>\n<meta property=\"og:type\" content=\"article\" \/>\n<meta property=\"og:title\" content=\"Alas de pollo ecol\u00f3gico Debosc (pack 8 unidades) - Debosc - Agroecologia conscient\" \/>\n<meta property=\"og:description\" content=\"alas pollo ecol\u00f3gico Girona. Alas Debosc criadas en el bosque en libertad 24h, sin medicamentos ni residuos. Mucho m\u00e1s que ecol\u00f3gico y con sabor aut\u00e9ntico.\" \/>\n<meta property=\"og:url\" content=\"https:\/\/www.comprarpollastreecologic.com\/es\/producte\/alas-de-pollo-ecologico\/\" \/>\n<meta property=\"og:site_name\" content=\"Debosc - Agroecologia conscient\" \/>\n<meta property=\"article:modified_time\" content=\"2026-03-17T16:49:05+00:00\" \/>\n<meta property=\"og:image\" content=\"https:\/\/www.comprarpollastreecologic.com\/wp-content\/uploads\/2024\/08\/ales.jpg\" \/>\n\t<meta property=\"og:image:width\" content=\"2048\" \/>\n\t<meta property=\"og:image:height\" content=\"2048\" \/>\n\t<meta property=\"og:image:type\" content=\"image\/jpeg\" \/>\n<meta name=\"twitter:card\" content=\"summary_large_image\" \/>\n<meta name=\"twitter:label1\" content=\"Tiempo de lectura\" \/>\n\t<meta name=\"twitter:data1\" content=\"1 minuto\" \/>\n<script type=\"application\/ld+json\" class=\"yoast-schema-graph\">{\"@context\":\"https:\/\/schema.org\",\"@graph\":[{\"@type\":\"WebPage\",\"@id\":\"https:\/\/www.comprarpollastreecologic.com\/es\/producte\/alas-de-pollo-ecologico\/\",\"url\":\"https:\/\/www.comprarpollastreecologic.com\/es\/producte\/alas-de-pollo-ecologico\/\",\"name\":\"Alas de pollo ecol\u00f3gico Debosc (pack 8 unidades) - Debosc - Agroecologia conscient\",\"isPartOf\":{\"@id\":\"https:\/\/www.comprarpollastreecologic.com\/#website\"},\"primaryImageOfPage\":{\"@id\":\"https:\/\/www.comprarpollastreecologic.com\/es\/producte\/alas-de-pollo-ecologico\/#primaryimage\"},\"image\":{\"@id\":\"https:\/\/www.comprarpollastreecologic.com\/es\/producte\/alas-de-pollo-ecologico\/#primaryimage\"},\"thumbnailUrl\":\"https:\/\/www.comprarpollastreecologic.com\/wp-content\/uploads\/2024\/08\/ales.jpg\",\"datePublished\":\"2024-10-07T07:27:22+00:00\",\"dateModified\":\"2026-03-17T16:49:05+00:00\",\"description\":\"alas pollo ecol\u00f3gico Girona. Alas Debosc criadas en el bosque en libertad 24h, sin medicamentos ni residuos. Mucho m\u00e1s que ecol\u00f3gico y con sabor aut\u00e9ntico.\",\"breadcrumb\":{\"@id\":\"https:\/\/www.comprarpollastreecologic.com\/es\/producte\/alas-de-pollo-ecologico\/#breadcrumb\"},\"inLanguage\":\"es\",\"potentialAction\":[{\"@type\":\"ReadAction\",\"target\":[\"https:\/\/www.comprarpollastreecologic.com\/es\/producte\/alas-de-pollo-ecologico\/\"]}]},{\"@type\":\"ImageObject\",\"inLanguage\":\"es\",\"@id\":\"https:\/\/www.comprarpollastreecologic.com\/es\/producte\/alas-de-pollo-ecologico\/#primaryimage\",\"url\":\"https:\/\/www.comprarpollastreecologic.com\/wp-content\/uploads\/2024\/08\/ales.jpg\",\"contentUrl\":\"https:\/\/www.comprarpollastreecologic.com\/wp-content\/uploads\/2024\/08\/ales.jpg\",\"width\":2048,\"height\":2048,\"caption\":\"alas pollo ecol\u00f3gico Girona Debosc pack 8 unidades criadas en el bosque sin medicamentos\"},{\"@type\":\"BreadcrumbList\",\"@id\":\"https:\/\/www.comprarpollastreecologic.com\/es\/producte\/alas-de-pollo-ecologico\/#breadcrumb\",\"itemListElement\":[{\"@type\":\"ListItem\",\"position\":1,\"name\":\"Inici\",\"item\":\"https:\/\/www.comprarpollastreecologic.com\/es\/home\/\"},{\"@type\":\"ListItem\",\"position\":2,\"name\":\"Tienda\",\"item\":\"https:\/\/www.comprarpollastreecologic.com\/es\/tienda\/\"},{\"@type\":\"ListItem\",\"position\":3,\"name\":\"Alas de pollo ecol\u00f3gico Debosc (pack 8 unidades)\"}]},{\"@type\":\"WebSite\",\"@id\":\"https:\/\/www.comprarpollastreecologic.com\/#website\",\"url\":\"https:\/\/www.comprarpollastreecologic.com\/\",\"name\":\"Debosc - Agroecologia conscient\",\"description\":\"Pollastres ecol\u00f2gics criats dins del bosc\",\"potentialAction\":[{\"@type\":\"SearchAction\",\"target\":{\"@type\":\"EntryPoint\",\"urlTemplate\":\"https:\/\/www.comprarpollastreecologic.com\/?s={search_term_string}\"},\"query-input\":{\"@type\":\"PropertyValueSpecification\",\"valueRequired\":true,\"valueName\":\"search_term_string\"}}],\"inLanguage\":\"es\"}]}<\/script>\n<!-- \/ Yoast SEO plugin. -->","yoast_head_json":{"title":"Alas de pollo ecol\u00f3gico Debosc (pack 8 unidades) - Debosc - Agroecologia conscient","description":"alas pollo ecol\u00f3gico Girona. Alas Debosc criadas en el bosque en libertad 24h, sin medicamentos ni residuos. Mucho m\u00e1s que ecol\u00f3gico y con sabor aut\u00e9ntico.","robots":{"index":"index","follow":"follow","max-snippet":"max-snippet:-1","max-image-preview":"max-image-preview:large","max-video-preview":"max-video-preview:-1"},"canonical":"https:\/\/www.comprarpollastreecologic.com\/es\/producte\/alas-de-pollo-ecologico\/","og_locale":"es_ES","og_type":"article","og_title":"Alas de pollo ecol\u00f3gico Debosc (pack 8 unidades) - Debosc - Agroecologia conscient","og_description":"alas pollo ecol\u00f3gico Girona. Alas Debosc criadas en el bosque en libertad 24h, sin medicamentos ni residuos. Mucho m\u00e1s que ecol\u00f3gico y con sabor aut\u00e9ntico.","og_url":"https:\/\/www.comprarpollastreecologic.com\/es\/producte\/alas-de-pollo-ecologico\/","og_site_name":"Debosc - Agroecologia conscient","article_modified_time":"2026-03-17T16:49:05+00:00","og_image":[{"width":2048,"height":2048,"url":"https:\/\/www.comprarpollastreecologic.com\/wp-content\/uploads\/2024\/08\/ales.jpg","type":"image\/jpeg"}],"twitter_card":"summary_large_image","twitter_misc":{"Tiempo de lectura":"1 minuto"},"schema":{"@context":"https:\/\/schema.org","@graph":[{"@type":"WebPage","@id":"https:\/\/www.comprarpollastreecologic.com\/es\/producte\/alas-de-pollo-ecologico\/","url":"https:\/\/www.comprarpollastreecologic.com\/es\/producte\/alas-de-pollo-ecologico\/","name":"Alas de pollo ecol\u00f3gico Debosc (pack 8 unidades) - Debosc - Agroecologia conscient","isPartOf":{"@id":"https:\/\/www.comprarpollastreecologic.com\/#website"},"primaryImageOfPage":{"@id":"https:\/\/www.comprarpollastreecologic.com\/es\/producte\/alas-de-pollo-ecologico\/#primaryimage"},"image":{"@id":"https:\/\/www.comprarpollastreecologic.com\/es\/producte\/alas-de-pollo-ecologico\/#primaryimage"},"thumbnailUrl":"https:\/\/www.comprarpollastreecologic.com\/wp-content\/uploads\/2024\/08\/ales.jpg","datePublished":"2024-10-07T07:27:22+00:00","dateModified":"2026-03-17T16:49:05+00:00","description":"alas pollo ecol\u00f3gico Girona. Alas Debosc criadas en el bosque en libertad 24h, sin medicamentos ni residuos. Mucho m\u00e1s que ecol\u00f3gico y con sabor aut\u00e9ntico.","breadcrumb":{"@id":"https:\/\/www.comprarpollastreecologic.com\/es\/producte\/alas-de-pollo-ecologico\/#breadcrumb"},"inLanguage":"es","potentialAction":[{"@type":"ReadAction","target":["https:\/\/www.comprarpollastreecologic.com\/es\/producte\/alas-de-pollo-ecologico\/"]}]},{"@type":"ImageObject","inLanguage":"es","@id":"https:\/\/www.comprarpollastreecologic.com\/es\/producte\/alas-de-pollo-ecologico\/#primaryimage","url":"https:\/\/www.comprarpollastreecologic.com\/wp-content\/uploads\/2024\/08\/ales.jpg","contentUrl":"https:\/\/www.comprarpollastreecologic.com\/wp-content\/uploads\/2024\/08\/ales.jpg","width":2048,"height":2048,"caption":"alas pollo ecol\u00f3gico Girona Debosc pack 8 unidades criadas en el bosque sin medicamentos"},{"@type":"BreadcrumbList","@id":"https:\/\/www.comprarpollastreecologic.com\/es\/producte\/alas-de-pollo-ecologico\/#breadcrumb","itemListElement":[{"@type":"ListItem","position":1,"name":"Inici","item":"https:\/\/www.comprarpollastreecologic.com\/es\/home\/"},{"@type":"ListItem","position":2,"name":"Tienda","item":"https:\/\/www.comprarpollastreecologic.com\/es\/tienda\/"},{"@type":"ListItem","position":3,"name":"Alas de pollo ecol\u00f3gico Debosc (pack 8 unidades)"}]},{"@type":"WebSite","@id":"https:\/\/www.comprarpollastreecologic.com\/#website","url":"https:\/\/www.comprarpollastreecologic.com\/","name":"Debosc - Agroecologia conscient","description":"Pollastres ecol\u00f2gics criats dins del bosc","potentialAction":[{"@type":"SearchAction","target":{"@type":"EntryPoint","urlTemplate":"https:\/\/www.comprarpollastreecologic.com\/?s={search_term_string}"},"query-input":{"@type":"PropertyValueSpecification","valueRequired":true,"valueName":"search_term_string"}}],"inLanguage":"es"}]}},"_links":{"self":[{"href":"https:\/\/www.comprarpollastreecologic.com\/es\/wp-json\/wp\/v2\/product\/3659","targetHints":{"allow":["GET"]}}],"collection":[{"href":"https:\/\/www.comprarpollastreecologic.com\/es\/wp-json\/wp\/v2\/product"}],"about":[{"href":"https:\/\/www.comprarpollastreecologic.com\/es\/wp-json\/wp\/v2\/types\/product"}],"replies":[{"embeddable":true,"href":"https:\/\/www.comprarpollastreecologic.com\/es\/wp-json\/wp\/v2\/comments?post=3659"}],"wp:featuredmedia":[{"embeddable":true,"href":"https:\/\/www.comprarpollastreecologic.com\/es\/wp-json\/wp\/v2\/media\/3465"}],"wp:attachment":[{"href":"https:\/\/www.comprarpollastreecologic.com\/es\/wp-json\/wp\/v2\/media?parent=3659"}],"wp:term":[{"taxonomy":"product_brand","embeddable":true,"href":"https:\/\/www.comprarpollastreecologic.com\/es\/wp-json\/wp\/v2\/product_brand?post=3659"},{"taxonomy":"product_cat","embeddable":true,"href":"https:\/\/www.comprarpollastreecologic.com\/es\/wp-json\/wp\/v2\/product_cat?post=3659"},{"taxonomy":"product_tag","embeddable":true,"href":"https:\/\/www.comprarpollastreecologic.com\/es\/wp-json\/wp\/v2\/product_tag?post=3659"}],"curies":[{"name":"wp","href":"https:\/\/api.w.org\/{rel}","templated":true}]}}