{"id":3587,"date":"2024-08-20T07:53:10","date_gmt":"2024-08-20T07:53:10","guid":{"rendered":"https:\/\/www.comprarpollastreecologic.com\/preparacio-de-comandes\/"},"modified":"2024-10-29T09:38:53","modified_gmt":"2024-10-29T09:38:53","slug":"preparacion-de-pedidos","status":"publish","type":"page","link":"https:\/\/www.comprarpollastreecologic.com\/es\/preparacion-de-pedidos\/","title":{"rendered":"Preparaci\u00f3n de Pedidos"},"content":{"rendered":"<p><div class=\"fusion-bg-parallax\" data-bg-align=\"right top\" data-direction=\"down\" data-mute=\"false\" data-opacity=\"100\" data-velocity=\"-0.1\" data-mobile-enabled=\"true\" data-break_parents=\"0\" data-bg-image=\"https:\/\/debosc.compsaonline.es\/wp-content\/uploads\/2024\/06\/Debosc-Pollastres-ecologics.jpg\" data-bg-repeat=\"false\" data-bg-gradient-type=\"linear\" data-bg-gradient-angle=\"210\" data-bg-gradient-start-color=\"rgba(47,43,55,0.34)\" data-bg-gradient-start-position=\"0\" data-bg-gradient-end-color=\"rgba(47,43,55,0.39)\" data-bg-gradient-end-position=\"100\" data-bg-radial-direction=\"center center\" ><\/div><div class=\"fusion-fullwidth fullwidth-box fusion-builder-row-1 fusion-flex-container fusion-parallax-down hundred-percent-fullwidth non-hundred-percent-height-scrolling lazyload\" style=\"--awb-background-position:right top;--awb-border-radius-top-left:0px;--awb-border-radius-top-right:0px;--awb-border-radius-bottom-right:0px;--awb-border-radius-bottom-left:0px;--awb-padding-top:8%;--awb-padding-right:6%;--awb-padding-bottom:0%;--awb-padding-left:6%;--awb-margin-bottom:0px;--awb-background-image:linear-gradient(210deg, rgba(47,43,55,0.34) 0%,rgba(47,43,55,0.39) 100%);;--awb-background-size:cover;--awb-flex-wrap:wrap;\" data-bg=\"https:\/\/debosc.compsaonline.es\/wp-content\/uploads\/2024\/06\/Debosc-Pollastres-ecologics.jpg\" data-bg-gradient=\"linear-gradient(210deg, rgba(47,43,55,0.34) 0%,rgba(47,43,55,0.39) 100%)\" ><div class=\"fusion-builder-row fusion-row fusion-flex-align-items-stretch fusion-flex-content-wrap\" style=\"width:calc( 100% + 0px ) !important;max-width:calc( 100% + 0px ) !important;margin-left: calc(-0px \/ 2 );margin-right: calc(-0px \/ 2 );\"><div class=\"fusion-layout-column fusion_builder_column fusion-builder-column-0 fusion_builder_column_1_1 1_1 fusion-flex-column\" style=\"--awb-bg-size:cover;--awb-width-large:100%;--awb-margin-top-large:40px;--awb-spacing-right-large:calc( 0.02 * calc( 100% - 0px ) );--awb-margin-bottom-large:79px;--awb-spacing-left-large:0px;--awb-width-medium:40%;--awb-spacing-right-medium:calc( 0.05 * calc( 100% - 0px ) );--awb-spacing-left-medium:0px;--awb-width-small:100%;--awb-spacing-right-small:0px;--awb-spacing-left-small:0px;\"><div class=\"fusion-column-wrapper fusion-column-has-shadow fusion-flex-justify-content-flex-start fusion-content-layout-column\"><div class=\"fusion-title title fusion-title-1 fusion-sep-none fusion-title-center fusion-title-text fusion-title-size-two\" style=\"--awb-text-color:var(--awb-color1);--awb-font-size:56px;\"><h2 class=\"fusion-title-heading title-heading-center fusion-responsive-typography-calculated\" style=\"margin:0;font-size:1em;--fontSize:56;line-height:1.21;\">Preparaci\u00f3n de Pedidos<\/h2><\/div><div class=\"fusion-separator fusion-full-width-sep\" style=\"align-self: center;margin-left: auto;margin-right: auto;margin-top:20px;width:100%;\"><\/div><div style=\"text-align:center;\"><a class=\"fusion-button button-flat fusion-button-default-size button-custom fusion-button-default button-1 fusion-button-default-span fusion-button-default-type fusion-has-button-gradient\" style=\"--button_accent_color:var(--awb-color1);--button_border_color:var(--awb-color1);--button_accent_hover_color:var(--awb-color8);--button_border_hover_color:var(--awb-color1);--button_border_width-top:2px;--button_border_width-right:2px;--button_border_width-bottom:2px;--button_border_width-left:2px;--button-border-radius-top-left:0;--button-border-radius-top-right:0;--button-border-radius-bottom-right:0px;--button-border-radius-bottom-left:0px;--button_gradient_top_color:rgba(0,0,0,0.17);--button_gradient_bottom_color:rgba(0,0,0,0.2);--button_gradient_top_color_hover:var(--awb-color1);--button_gradient_bottom_color_hover:var(--awb-color1);--button_font_size:20px;--button_typography-font-family:var(--awb-typography4-font-family);--button_typography-font-weight:var(--awb-typography4-font-weight);--button_typography-font-style:var(--awb-typography4-font-style);\" target=\"_self\" href=\"\/es\/tienda\/\"><span class=\"fusion-button-text\">Ver los productos<\/span><\/a><\/div><\/div><\/div><\/div><\/div><div class=\"fusion-fullwidth fullwidth-box fusion-builder-row-2 fusion-flex-container nonhundred-percent-fullwidth non-hundred-percent-height-scrolling\" style=\"--awb-border-radius-top-left:0px;--awb-border-radius-top-right:0px;--awb-border-radius-bottom-right:0px;--awb-border-radius-bottom-left:0px;--awb-flex-wrap:wrap;\" ><div class=\"fusion-builder-row fusion-row fusion-flex-align-items-flex-start fusion-flex-content-wrap\" style=\"max-width:1248px;margin-left: calc(-4% \/ 2 );margin-right: calc(-4% \/ 2 );\"><div class=\"fusion-layout-column fusion_builder_column fusion-builder-column-1 fusion_builder_column_1_1 1_1 fusion-flex-column\" style=\"--awb-bg-blend:overlay;--awb-bg-size:cover;--awb-width-large:100%;--awb-margin-top-large:80px;--awb-spacing-right-large:1.92%;--awb-margin-bottom-large:80px;--awb-spacing-left-large:1.92%;--awb-width-medium:100%;--awb-spacing-right-medium:1.92%;--awb-spacing-left-medium:1.92%;--awb-width-small:100%;--awb-spacing-right-small:1.92%;--awb-spacing-left-small:1.92%;\"><div class=\"fusion-column-wrapper fusion-flex-justify-content-flex-start fusion-content-layout-column\"><div class=\"fusion-text fusion-text-1\"><ol>\n<li><strong><span style=\"vertical-align: inherit;\"><span style=\"vertical-align: inherit;\">RECEPCI\u00d3N DE PEDIDOS:<\/span><\/span><\/strong><\/li>\n<\/ol>\n<p><span style=\"vertical-align: inherit;\"><span style=\"vertical-align: inherit;\">Los pedidos recibidos hasta el lunes a las 12 h, los preparamos el martes a partir de las 6 de la ma\u00f1ana.<\/span><\/span><\/p>\n<p><span style=\"vertical-align: inherit;\"><span style=\"vertical-align: inherit;\">A lo largo de todo el procedimiento se mantiene la cadena de fr\u00edo. La preparaci\u00f3n se realiza en instalaciones refrigeradas y certificadas, cumpliendo con la normativa sanitaria correspondiente.<\/span><\/span><\/p>\n<ol start=\"2\">\n<li><strong><span style=\"vertical-align: inherit;\"><span style=\"vertical-align: inherit;\">PREPARACI\u00d3N PERSONALIZADA:<\/span><\/span><\/strong><\/li>\n<\/ol>\n<p><span style=\"vertical-align: inherit;\"><span style=\"vertical-align: inherit;\">Criamos los mejores ejemplares de pollo ecol\u00f3gico <\/span><\/span><strong><span style=\"vertical-align: inherit;\"><span style=\"vertical-align: inherit;\">Debosc<\/span><\/span><\/strong><span style=\"vertical-align: inherit;\"><span style=\"vertical-align: inherit;\"> para ofrecerle una carne de la m\u00e1xima calidad.<\/span><\/span><\/p>\n<p><span style=\"vertical-align: inherit;\"><span style=\"vertical-align: inherit;\">Personal debidamente calificado es quien prepara el producto seg\u00fan las preferencias que el cliente nos ha indicado en su pedido.<\/span><\/span><\/p>\n<p><span style=\"vertical-align: inherit;\"><span style=\"vertical-align: inherit;\">En cuanto el pollo ecol\u00f3gico Debosc est\u00e1 bien plomado y limpio, procedemos a su pesaje y posterior preparaci\u00f3n.<\/span><\/span><\/p>\n<p><span style=\"vertical-align: inherit;\"><span style=\"vertical-align: inherit;\">El peso del pollo no es siempre el mismo, pero le garantizamos que el peso medio de las unidades pedidas siempre ser\u00e1 de, como m\u00ednimo, 2,9 kg.<\/span><\/span><\/p>\n<p><span style=\"vertical-align: inherit;\"><span style=\"vertical-align: inherit;\">Los peque\u00f1os \u2014 h\u00edgado, coraz\u00f3n, molleja, patas, cuello y cabeza \u2014 los encontrar\u00e1 en una bolsa separada y dentro de la misma bandeja.<\/span><\/span><\/p>\n<p><span style=\"vertical-align: inherit;\"><span style=\"vertical-align: inherit;\">Justo reci\u00e9n empaquetado, el producto es conducido hasta su domicilio en transporte frigor\u00edfico. De esta manera, la mercanc\u00eda le llega con la frescura original, y conservando todas sus cualidades.<\/span><\/span><\/p>\n<p><span style=\"vertical-align: inherit;\"><span style=\"vertical-align: inherit;\">Si desea pollos ecol\u00f3gicos <\/span><\/span><strong><span style=\"vertical-align: inherit;\"><span style=\"vertical-align: inherit;\">Debosc<\/span><\/span><\/strong><span style=\"vertical-align: inherit;\"><span style=\"vertical-align: inherit;\"> m\u00e1s grandes, nos puede enviar su petici\u00f3n por e-mail a info@debosc.cat<\/span><\/span><\/p>\n<ol start=\"3\">\n<li><strong><span style=\"vertical-align: inherit;\"><span style=\"vertical-align: inherit;\">ENVASADO, ENCAJADO Y ETIQUETADO:<\/span><\/span><\/strong><\/li>\n<\/ol>\n<p><span style=\"vertical-align: inherit;\"><span style=\"vertical-align: inherit;\">Con el objetivo de cumplir con la normativa de trazabilidad y seguridad alimentaria, todos los pollos ecol\u00f3gicos <\/span><\/span><strong><span style=\"vertical-align: inherit;\"><span style=\"vertical-align: inherit;\">Debosc<\/span><\/span><\/strong><span style=\"vertical-align: inherit;\"><span style=\"vertical-align: inherit;\"> son debidamente etiquetados con su peso neto, fecha de caducidad y n\u00famero de lote.<\/span><\/span><\/p>\n<p><span style=\"vertical-align: inherit;\"><span style=\"vertical-align: inherit;\">Junto a su pedido recibir\u00e1 un albar\u00e1n donde constar\u00e1 el peso del pollo antes de prepararlo para ser envasado en bandeja biodegradable\/composible. Siempre hay una variaci\u00f3n entre el peso del pollo antes y despu\u00e9s de su preparaci\u00f3n, ya que al cortarlo, rechazamos aquellas partes menos nobles para ofrecerle un producto de m\u00e1xima calidad.<\/span><\/span><\/p>\n<p><span style=\"vertical-align: inherit;\"><span style=\"vertical-align: inherit;\">Para el transporte, colocamos las bandejas en cajas de cart\u00f3n reciclable, debidamente etiquetadas con las direcciones tanto de destino como de origen. Siempre mantenemos de forma confidencial los datos personales del cliente.<\/span><\/span><\/p>\n<p><span style=\"vertical-align: inherit;\"><span style=\"vertical-align: inherit;\">Para garantizar que el producto llegue intacto a su casa, envasamos los pollos ecol\u00f3gicos Debosc utilizando materiales resistentes y seguros.<\/span><\/span><\/p>\n<p><span style=\"vertical-align: inherit;\"><span style=\"vertical-align: inherit;\">Si as\u00ed lo desea, le podemos ir informando del recorrido de su pedido. S\u00f3lo es necesario que nos lo indique al realizar la compra on-line.<\/span><\/span><\/p>\n<\/div><\/div><\/div><\/div><\/div><div class=\"fusion-fullwidth fullwidth-box fusion-builder-row-3 fusion-flex-container fusion-parallax-none hundred-percent-fullwidth non-hundred-percent-height-scrolling lazyload\" style=\"--awb-background-position:right center;--awb-border-radius-top-left:0px;--awb-border-radius-top-right:0px;--awb-border-radius-bottom-right:0px;--awb-border-radius-bottom-left:0px;--awb-padding-top:4%;--awb-padding-right:7%;--awb-padding-bottom:4%;--awb-padding-left:7%;--awb-background-color:var(--awb-color5);--awb-background-image:linear-gradient(180deg, rgba(83,44,8,0.38) 0%,rgba(83,44,8,0.59) 100%);;--awb-background-size:cover;--awb-flex-wrap:wrap;\" data-bg=\"https:\/\/debosc.compsaonline.es\/wp-content\/uploads\/2024\/06\/pollastres-bosc2.jpg\" data-bg-gradient=\"linear-gradient(180deg, rgba(83,44,8,0.38) 0%,rgba(83,44,8,0.59) 100%)\" ><div class=\"fusion-builder-row fusion-row fusion-flex-align-items-flex-start fusion-flex-content-wrap\" style=\"width:calc( 100% + 0px ) !important;max-width:calc( 100% + 0px ) !important;margin-left: calc(-0px \/ 2 );margin-right: calc(-0px \/ 2 );\"><div class=\"fusion-layout-column fusion_builder_column fusion-builder-column-2 fusion_builder_column_3_5 3_5 fusion-flex-column fusion-animated\" style=\"--awb-bg-size:cover;--awb-width-large:60%;--awb-margin-top-large:30px;--awb-spacing-right-large:calc( 0.05 * calc( 100% - 0px ) );--awb-margin-bottom-large:40px;--awb-spacing-left-large:0px;--awb-width-medium:100%;--awb-spacing-right-medium:0px;--awb-spacing-left-medium:0px;--awb-width-small:100%;--awb-spacing-right-small:0px;--awb-spacing-left-small:0px;\" data-animationType=\"fadeIn\" data-animationDuration=\"1.0\" data-animationOffset=\"top-into-view\"><div class=\"fusion-column-wrapper fusion-column-has-shadow fusion-flex-justify-content-flex-start fusion-content-layout-column\"><div class=\"fusion-title title fusion-title-2 fusion-sep-none fusion-title-text fusion-title-size-six\" style=\"--awb-text-color:hsla(var(--awb-color1-h),var(--awb-color1-s),var(--awb-color1-l),calc( var(--awb-color1-a) - 30% ));\"><h6 class=\"fusion-title-heading title-heading-left fusion-responsive-typography-calculated\" style=\"margin:0;text-transform:var(--awb-typography2-text-transform);--fontSize:12;--minFontSize:12;line-height:1.5;\"><span style=\"vertical-align: inherit;\"><span style=\"vertical-align: inherit;\">Env\u00edos y recogidas<\/span><\/span><\/h6><\/div><div class=\"fusion-title title fusion-title-3 fusion-sep-none fusion-title-text fusion-title-size-two\" style=\"--awb-text-color:var(--awb-color1);--awb-font-size:48px;\"><h2 class=\"fusion-title-heading title-heading-left fusion-responsive-typography-calculated\" style=\"margin:0;font-size:1em;--fontSize:48;line-height:1.26;\"><span style=\"vertical-align: inherit;\"><span style=\"vertical-align: inherit;\">\u00a1Te enviamos el pedido a casa o, si lo prefieres, al trabajo!<\/span><\/span><\/h2><\/div><div class=\"fusion-text fusion-text-2\" style=\"--awb-text-color:var(--awb-color1);\"><p><span style=\"vertical-align: inherit;\"><span style=\"vertical-align: inherit;\">Todos los env\u00edos se realizan con furg\u00f3n frigor\u00edfico. \u00a1El pedido lo recibir\u00e1s fresco!<\/span><\/span><\/p>\n<\/div><div ><a class=\"fusion-button button-flat button-xlarge button-custom fusion-button-default button-2 fusion-button-default-span fusion-button-default-type\" style=\"--button_accent_color:var(--awb-color5);--button_accent_hover_color:var(--awb-color1);--button_border_hover_color:var(--awb-color1);--button_border_width-top:0px;--button_border_width-right:0px;--button_border_width-bottom:0px;--button_border_width-left:0px;--button_gradient_top_color:var(--awb-color1);--button_gradient_bottom_color:var(--awb-color1);--button_gradient_top_color_hover:var(--awb-color5);--button_gradient_bottom_color_hover:var(--awb-color5);\" target=\"_self\" href=\"\/es\/tienda\"><span class=\"fusion-button-text\">\u00a1Haz tu pedido aqu\u00ed!<\/span><\/a><\/div><\/div><\/div><\/div><\/div>\n<\/p>\n","protected":false},"excerpt":{"rendered":"","protected":false},"author":1,"featured_media":0,"parent":0,"menu_order":0,"comment_status":"closed","ping_status":"closed","template":"100-width.php","meta":{"footnotes":""},"class_list":["post-3587","page","type-page","status-publish","hentry"],"yoast_head":"<!-- This site is optimized with the Yoast SEO plugin v25.0 - https:\/\/yoast.com\/wordpress\/plugins\/seo\/ -->\n<title>Preparaci\u00f3n de Pedidos - Debosc - Agroecologia conscient<\/title>\n<meta name=\"robots\" content=\"index, follow, max-snippet:-1, max-image-preview:large, max-video-preview:-1\" \/>\n<link rel=\"canonical\" href=\"https:\/\/www.comprarpollastreecologic.com\/preparacio-de-comandes\/\" \/>\n<meta property=\"og:locale\" content=\"es_ES\" \/>\n<meta property=\"og:type\" content=\"article\" \/>\n<meta property=\"og:title\" content=\"Preparaci\u00f3n de Pedidos - Debosc - Agroecologia conscient\" \/>\n<meta property=\"og:url\" content=\"https:\/\/www.comprarpollastreecologic.com\/preparacio-de-comandes\/\" \/>\n<meta property=\"og:site_name\" content=\"Debosc - Agroecologia conscient\" \/>\n<meta property=\"article:modified_time\" content=\"2024-10-29T09:38:53+00:00\" \/>\n<meta name=\"twitter:card\" content=\"summary_large_image\" \/>\n<meta name=\"twitter:label1\" content=\"Tiempo de lectura\" \/>\n\t<meta name=\"twitter:data1\" content=\"6 minutos\" \/>\n<script type=\"application\/ld+json\" class=\"yoast-schema-graph\">{\"@context\":\"https:\/\/schema.org\",\"@graph\":[{\"@type\":\"WebPage\",\"@id\":\"https:\/\/www.comprarpollastreecologic.com\/preparacio-de-comandes\/\",\"url\":\"https:\/\/www.comprarpollastreecologic.com\/preparacio-de-comandes\/\",\"name\":\"Preparaci\u00f3n de Pedidos - Debosc - Agroecologia conscient\",\"isPartOf\":{\"@id\":\"https:\/\/www.comprarpollastreecologic.com\/#website\"},\"datePublished\":\"2024-08-20T07:53:10+00:00\",\"dateModified\":\"2024-10-29T09:38:53+00:00\",\"breadcrumb\":{\"@id\":\"https:\/\/www.comprarpollastreecologic.com\/preparacio-de-comandes\/#breadcrumb\"},\"inLanguage\":\"es\",\"potentialAction\":[{\"@type\":\"ReadAction\",\"target\":[\"https:\/\/www.comprarpollastreecologic.com\/preparacio-de-comandes\/\"]}]},{\"@type\":\"BreadcrumbList\",\"@id\":\"https:\/\/www.comprarpollastreecologic.com\/preparacio-de-comandes\/#breadcrumb\",\"itemListElement\":[{\"@type\":\"ListItem\",\"position\":1,\"name\":\"Inici\",\"item\":\"https:\/\/www.comprarpollastreecologic.com\/es\/home\/\"},{\"@type\":\"ListItem\",\"position\":2,\"name\":\"Preparaci\u00f3n de Pedidos\"}]},{\"@type\":\"WebSite\",\"@id\":\"https:\/\/www.comprarpollastreecologic.com\/#website\",\"url\":\"https:\/\/www.comprarpollastreecologic.com\/\",\"name\":\"Debosc - Agroecologia conscient\",\"description\":\"Pollastres ecol\u00f2gics criats dins del bosc\",\"potentialAction\":[{\"@type\":\"SearchAction\",\"target\":{\"@type\":\"EntryPoint\",\"urlTemplate\":\"https:\/\/www.comprarpollastreecologic.com\/?s={search_term_string}\"},\"query-input\":{\"@type\":\"PropertyValueSpecification\",\"valueRequired\":true,\"valueName\":\"search_term_string\"}}],\"inLanguage\":\"es\"}]}<\/script>\n<!-- \/ Yoast SEO plugin. -->","yoast_head_json":{"title":"Preparaci\u00f3n de Pedidos - Debosc - Agroecologia conscient","robots":{"index":"index","follow":"follow","max-snippet":"max-snippet:-1","max-image-preview":"max-image-preview:large","max-video-preview":"max-video-preview:-1"},"canonical":"https:\/\/www.comprarpollastreecologic.com\/preparacio-de-comandes\/","og_locale":"es_ES","og_type":"article","og_title":"Preparaci\u00f3n de Pedidos - Debosc - Agroecologia conscient","og_url":"https:\/\/www.comprarpollastreecologic.com\/preparacio-de-comandes\/","og_site_name":"Debosc - Agroecologia conscient","article_modified_time":"2024-10-29T09:38:53+00:00","twitter_card":"summary_large_image","twitter_misc":{"Tiempo de lectura":"6 minutos"},"schema":{"@context":"https:\/\/schema.org","@graph":[{"@type":"WebPage","@id":"https:\/\/www.comprarpollastreecologic.com\/preparacio-de-comandes\/","url":"https:\/\/www.comprarpollastreecologic.com\/preparacio-de-comandes\/","name":"Preparaci\u00f3n de Pedidos - Debosc - Agroecologia conscient","isPartOf":{"@id":"https:\/\/www.comprarpollastreecologic.com\/#website"},"datePublished":"2024-08-20T07:53:10+00:00","dateModified":"2024-10-29T09:38:53+00:00","breadcrumb":{"@id":"https:\/\/www.comprarpollastreecologic.com\/preparacio-de-comandes\/#breadcrumb"},"inLanguage":"es","potentialAction":[{"@type":"ReadAction","target":["https:\/\/www.comprarpollastreecologic.com\/preparacio-de-comandes\/"]}]},{"@type":"BreadcrumbList","@id":"https:\/\/www.comprarpollastreecologic.com\/preparacio-de-comandes\/#breadcrumb","itemListElement":[{"@type":"ListItem","position":1,"name":"Inici","item":"https:\/\/www.comprarpollastreecologic.com\/es\/home\/"},{"@type":"ListItem","position":2,"name":"Preparaci\u00f3n de Pedidos"}]},{"@type":"WebSite","@id":"https:\/\/www.comprarpollastreecologic.com\/#website","url":"https:\/\/www.comprarpollastreecologic.com\/","name":"Debosc - Agroecologia conscient","description":"Pollastres ecol\u00f2gics criats dins del bosc","potentialAction":[{"@type":"SearchAction","target":{"@type":"EntryPoint","urlTemplate":"https:\/\/www.comprarpollastreecologic.com\/?s={search_term_string}"},"query-input":{"@type":"PropertyValueSpecification","valueRequired":true,"valueName":"search_term_string"}}],"inLanguage":"es"}]}},"_links":{"self":[{"href":"https:\/\/www.comprarpollastreecologic.com\/es\/wp-json\/wp\/v2\/pages\/3587","targetHints":{"allow":["GET"]}}],"collection":[{"href":"https:\/\/www.comprarpollastreecologic.com\/es\/wp-json\/wp\/v2\/pages"}],"about":[{"href":"https:\/\/www.comprarpollastreecologic.com\/es\/wp-json\/wp\/v2\/types\/page"}],"author":[{"embeddable":true,"href":"https:\/\/www.comprarpollastreecologic.com\/es\/wp-json\/wp\/v2\/users\/1"}],"replies":[{"embeddable":true,"href":"https:\/\/www.comprarpollastreecologic.com\/es\/wp-json\/wp\/v2\/comments?post=3587"}],"version-history":[{"count":2,"href":"https:\/\/www.comprarpollastreecologic.com\/es\/wp-json\/wp\/v2\/pages\/3587\/revisions"}],"predecessor-version":[{"id":3589,"href":"https:\/\/www.comprarpollastreecologic.com\/es\/wp-json\/wp\/v2\/pages\/3587\/revisions\/3589"}],"wp:attachment":[{"href":"https:\/\/www.comprarpollastreecologic.com\/es\/wp-json\/wp\/v2\/media?parent=3587"}],"curies":[{"name":"wp","href":"https:\/\/api.w.org\/{rel}","templated":true}]}}