{"id":3518,"date":"2024-08-20T07:55:17","date_gmt":"2024-08-20T07:55:17","guid":{"rendered":"https:\/\/www.comprarpollastreecologic.com\/condicions-de-venda\/"},"modified":"2026-03-12T15:05:47","modified_gmt":"2026-03-12T15:05:47","slug":"condiciones-de-venta","status":"publish","type":"page","link":"https:\/\/www.comprarpollastreecologic.com\/es\/condiciones-de-venta\/","title":{"rendered":"Condiciones de Venta"},"content":{"rendered":"<p><div class=\"fusion-bg-parallax\" data-bg-align=\"right top\" data-direction=\"down\" data-mute=\"false\" data-opacity=\"100\" data-velocity=\"-0.1\" data-mobile-enabled=\"true\" data-break_parents=\"0\" data-bg-image=\"https:\/\/debosc.compsaonline.es\/wp-content\/uploads\/2024\/06\/Debosc-Pollastres-ecologics.jpg\" data-bg-repeat=\"false\" data-bg-gradient-type=\"linear\" data-bg-gradient-angle=\"210\" data-bg-gradient-start-color=\"rgba(47,43,55,0.34)\" data-bg-gradient-start-position=\"0\" data-bg-gradient-end-color=\"rgba(47,43,55,0.39)\" data-bg-gradient-end-position=\"100\" data-bg-radial-direction=\"center center\" ><\/div><div class=\"fusion-fullwidth fullwidth-box fusion-builder-row-1 fusion-flex-container fusion-parallax-down hundred-percent-fullwidth non-hundred-percent-height-scrolling lazyload\" style=\"--awb-background-position:right top;--awb-border-radius-top-left:0px;--awb-border-radius-top-right:0px;--awb-border-radius-bottom-right:0px;--awb-border-radius-bottom-left:0px;--awb-padding-top:8%;--awb-padding-right:6%;--awb-padding-bottom:0%;--awb-padding-left:6%;--awb-margin-bottom:0px;--awb-background-image:linear-gradient(210deg, rgba(47,43,55,0.34) 0%,rgba(47,43,55,0.39) 100%);;--awb-background-size:cover;--awb-flex-wrap:wrap;\" data-bg=\"https:\/\/debosc.compsaonline.es\/wp-content\/uploads\/2024\/06\/Debosc-Pollastres-ecologics.jpg\" data-bg-gradient=\"linear-gradient(210deg, rgba(47,43,55,0.34) 0%,rgba(47,43,55,0.39) 100%)\" ><div class=\"fusion-builder-row fusion-row fusion-flex-align-items-stretch fusion-flex-content-wrap\" style=\"width:calc( 100% + 0px ) !important;max-width:calc( 100% + 0px ) !important;margin-left: calc(-0px \/ 2 );margin-right: calc(-0px \/ 2 );\"><div class=\"fusion-layout-column fusion_builder_column fusion-builder-column-0 fusion_builder_column_1_1 1_1 fusion-flex-column\" style=\"--awb-bg-size:cover;--awb-width-large:100%;--awb-margin-top-large:40px;--awb-spacing-right-large:calc( 0.02 * calc( 100% - 0px ) );--awb-margin-bottom-large:79px;--awb-spacing-left-large:0px;--awb-width-medium:40%;--awb-spacing-right-medium:calc( 0.05 * calc( 100% - 0px ) );--awb-spacing-left-medium:0px;--awb-width-small:100%;--awb-spacing-right-small:0px;--awb-spacing-left-small:0px;\"><div class=\"fusion-column-wrapper fusion-column-has-shadow fusion-flex-justify-content-flex-start fusion-content-layout-column\"><div class=\"fusion-title title fusion-title-1 fusion-sep-none fusion-title-center fusion-title-text fusion-title-size-two\" style=\"--awb-text-color:var(--awb-color1);--awb-font-size:56px;\"><h2 class=\"fusion-title-heading title-heading-center fusion-responsive-typography-calculated\" style=\"margin:0;font-size:1em;--fontSize:56;line-height:1.21;\">Condiciones de Venta<\/h2><\/div><div class=\"fusion-separator fusion-full-width-sep\" style=\"align-self: center;margin-left: auto;margin-right: auto;margin-top:20px;width:100%;\"><\/div><div style=\"text-align:center;\"><a class=\"fusion-button button-flat fusion-button-default-size button-custom fusion-button-default button-1 fusion-button-default-span fusion-button-default-type fusion-has-button-gradient\" style=\"--button_accent_color:var(--awb-color1);--button_border_color:var(--awb-color1);--button_accent_hover_color:var(--awb-color8);--button_border_hover_color:var(--awb-color1);--button_border_width-top:2px;--button_border_width-right:2px;--button_border_width-bottom:2px;--button_border_width-left:2px;--button-border-radius-top-left:0;--button-border-radius-top-right:0;--button-border-radius-bottom-right:0px;--button-border-radius-bottom-left:0px;--button_gradient_top_color:rgba(0,0,0,0.17);--button_gradient_bottom_color:rgba(0,0,0,0.2);--button_gradient_top_color_hover:var(--awb-color1);--button_gradient_bottom_color_hover:var(--awb-color1);--button_font_size:20px;--button_typography-font-family:var(--awb-typography4-font-family);--button_typography-font-weight:var(--awb-typography4-font-weight);--button_typography-font-style:var(--awb-typography4-font-style);\" target=\"_self\" href=\"\/es\/tienda\/\"><span class=\"fusion-button-text\">Ver los productos<\/span><\/a><\/div><\/div><\/div><\/div><\/div><div class=\"fusion-fullwidth fullwidth-box fusion-builder-row-2 fusion-flex-container nonhundred-percent-fullwidth non-hundred-percent-height-scrolling\" style=\"--awb-border-radius-top-left:0px;--awb-border-radius-top-right:0px;--awb-border-radius-bottom-right:0px;--awb-border-radius-bottom-left:0px;--awb-flex-wrap:wrap;\" ><div class=\"fusion-builder-row fusion-row fusion-flex-align-items-flex-start fusion-flex-content-wrap\" style=\"max-width:1248px;margin-left: calc(-4% \/ 2 );margin-right: calc(-4% \/ 2 );\"><div class=\"fusion-layout-column fusion_builder_column fusion-builder-column-1 fusion_builder_column_1_1 1_1 fusion-flex-column\" style=\"--awb-bg-blend:overlay;--awb-bg-size:cover;--awb-width-large:100%;--awb-margin-top-large:80px;--awb-spacing-right-large:1.92%;--awb-margin-bottom-large:80px;--awb-spacing-left-large:1.92%;--awb-width-medium:100%;--awb-spacing-right-medium:1.92%;--awb-spacing-left-medium:1.92%;--awb-width-small:100%;--awb-spacing-right-small:1.92%;--awb-spacing-left-small:1.92%;\"><div class=\"fusion-column-wrapper fusion-flex-justify-content-flex-start fusion-content-layout-column\"><div class=\"fusion-text fusion-text-1\"><ol>\n<li><strong><span style=\"vertical-align: inherit;\"><span style=\"vertical-align: inherit;\">Administrador<\/span><\/span><\/strong><\/li>\n<\/ol>\n<p><span style=\"vertical-align: inherit;\"><span style=\"vertical-align: inherit;\">ESS\u00c8NCIA DE TERRITORI SCP<\/span><\/span><\/p>\n<p><span style=\"vertical-align: inherit;\"><span style=\"vertical-align: inherit;\">\u00a0J24784506<\/span><\/span><\/p>\n<p><span style=\"vertical-align: inherit;\"><span style=\"vertical-align: inherit;\">DOMICILIO DE LA EMPRESA: Can Palau d&#8217;argila s\/n<\/span><\/span><\/p>\n<p><span style=\"vertical-align: inherit;\"><span style=\"vertical-align: inherit;\">17180 Sils<\/span><\/span><\/p>\n<p><span style=\"vertical-align: inherit;\"><span style=\"vertical-align: inherit;\">Tel\u00e9fono: 627 44 66 61<\/span><\/span><\/p>\n<p><span style=\"vertical-align: inherit;\"><span style=\"vertical-align: inherit;\">Correo electr\u00f3nico: <\/span><\/span><a href=\"mailto:info@debosc.cat\"><span style=\"vertical-align: inherit;\"><span style=\"vertical-align: inherit;\">info@debosc.cat<\/span><\/span><\/a><\/p>\n<p><span style=\"vertical-align: inherit;\"><span style=\"vertical-align: inherit;\">ESS\u00c8NCIA DE TERRITORI SCP (en adelante \u201cDebosc\u201d)<\/span><\/span><\/p>\n<p><strong><u>\u00a0<\/u><\/strong><\/p>\n<p><span style=\"vertical-align: inherit;\"><span style=\"vertical-align: inherit;\">Debosc se reserva el derecho de modificar en cualquier momento y sin previo aviso, la presentaci\u00f3n del sitio web as\u00ed como sus condiciones de venta y otros servicios prestados.<\/span><\/span><\/p>\n<ol start=\"2\">\n<li><strong><span style=\"vertical-align: inherit;\"><span style=\"vertical-align: inherit;\">Destinatarios<\/span><\/span><\/strong><\/li>\n<\/ol>\n<p><span style=\"vertical-align: inherit;\"><span style=\"vertical-align: inherit;\">Estas condiciones van destinadas a todas aquellas personas compradoras del sitio web www.comprarpollastreecologic.com<\/span><\/span><\/p>\n<p><span style=\"vertical-align: inherit;\"><span style=\"vertical-align: inherit;\">El usuario se compromete a utilizar el sitio web de acuerdo con estas condiciones de venta, de acuerdo con las leyes espa\u00f1olas y de acuerdo con la moral, las buenas costumbres y el orden p\u00fablico, no efectuando ninguna operaci\u00f3n fraudulenta o il \u00b7l\u00edcita que pueda da\u00f1ar de cualquier modo Debosc o cualquiera de sus equipos inform\u00e1ticos, o los contenidos del sitio web.<\/span><\/span><\/p>\n<p><span style=\"vertical-align: inherit;\"><span style=\"vertical-align: inherit;\">Se entiende por comprador\/a, aquel usuario\/a que acceda al sitio y que acepte totalmente las condiciones de venta. Le recomendamos no formalizar su pedido si no est\u00e1 de acuerdo total o parcialmente con las condiciones de venta.<\/span><\/span><\/p>\n<ol start=\"3\">\n<li><strong>Registro<\/strong><\/li>\n<\/ol>\n<p><span style=\"vertical-align: inherit;\"><span style=\"vertical-align: inherit;\">Antes de comprar, el usuario se puede registrar, opcionalmente, rellenando todos los campos del formulario presentado a tal fin. Deber\u00e1 dar un nombre de usuario y contrase\u00f1a mediante los cuales se le registrar\u00e1. En caso de olvido de la contrase\u00f1a, p\u00f3ngase en contacto con Debosc desde cualquiera de los medios previstos en la secci\u00f3n \u00abAtenci\u00f3n al Cliente\u00bb.<\/span><\/span><\/p>\n<p><span style=\"vertical-align: inherit;\"><span style=\"vertical-align: inherit;\">El nombre de usuario y contrase\u00f1a tienen valor probatorio de la identidad del comprador. <\/span><\/span><strong><span style=\"vertical-align: inherit;\"><span style=\"vertical-align: inherit;\">Debosc<\/span><\/span><\/strong><span style=\"vertical-align: inherit;\"><span style=\"vertical-align: inherit;\"> no ser\u00e1 responsable del uso indebido que terceros no autorizados, puedan hacer del mencionado nombre y contrase\u00f1a. Si el usuario tuviera sospechas de que esto estuviera ocurriendo, deber\u00e1 notificarlo inmediatamente a <\/span><\/span><strong><span style=\"vertical-align: inherit;\"><span style=\"vertical-align: inherit;\">Debosc<\/span><\/span><\/strong><span style=\"vertical-align: inherit;\"><span style=\"vertical-align: inherit;\"> para darlo de baja.<\/span><\/span><\/p>\n<ol start=\"4\">\n<li><strong><span style=\"vertical-align: inherit;\"><span style=\"vertical-align: inherit;\">Precio<\/span><\/span><\/strong><\/li>\n<\/ol>\n<p><span style=\"vertical-align: inherit;\"><span style=\"vertical-align: inherit;\">Todos los precios se indican en Euros, incluyendo el 10% de iva sobre los productos alimenticios, y el 21% sobre los gastos de transporte.<\/span><\/span><\/p>\n<ol start=\"5\">\n<li><strong><span style=\"vertical-align: inherit;\"><span style=\"vertical-align: inherit;\">Pago<\/span><\/span><\/strong><\/li>\n<\/ol>\n<p><span style=\"vertical-align: inherit;\"><span style=\"vertical-align: inherit;\">El pago lo podr\u00e1 efectuar mediante <\/span><\/span><em><span style=\"vertical-align: inherit;\"><span style=\"vertical-align: inherit;\">pago seguro<\/span><\/span><\/em><span style=\"vertical-align: inherit;\"><span style=\"vertical-align: inherit;\"> con tarjeta de cr\u00e9dito o Bizum. En cuanto se haga efectivo el importe de la compra, <\/span><\/span><strong><span style=\"vertical-align: inherit;\"><span style=\"vertical-align: inherit;\">Debosc<\/span><\/span><\/strong><span style=\"vertical-align: inherit;\"><span style=\"vertical-align: inherit;\"> proceder\u00e1 a la preparaci\u00f3n del pedido correspondiente.<\/span><\/span><\/p>\n<ol start=\"6\">\n<li><strong><span style=\"vertical-align: inherit;\"><span style=\"vertical-align: inherit;\">Garant\u00edas de pago<\/span><\/span><\/strong><\/li>\n<\/ol>\n<p><strong><span style=\"vertical-align: inherit;\"><span style=\"vertical-align: inherit;\">Debosc<\/span><\/span><\/strong><span style=\"vertical-align: inherit;\"><span style=\"vertical-align: inherit;\"> le ofrece un sistema de pago seguro, y le garantiza la confidencialidad de la informaci\u00f3n facilitada.<\/span><\/span><\/p>\n<ol start=\"7\">\n<li><strong>Factura<\/strong><\/li>\n<\/ol>\n<p><span style=\"vertical-align: inherit;\"><span style=\"vertical-align: inherit;\">Si desea que le enviemos la factura, puede pedirlo enviando un correo electr\u00f3nico a <\/span><\/span><a href=\"mailto:info@debosc.cat\"><span style=\"vertical-align: inherit;\"><span style=\"vertical-align: inherit;\">info@debosc.cat<\/span><\/span><\/a><span style=\"vertical-align: inherit;\"><span style=\"vertical-align: inherit;\">. Debe indicar los mismos datos personales que us\u00f3 a la hora de formalizar su pedido.<\/span><\/span><\/p>\n<\/div><\/div><\/div><\/div><\/div><div class=\"fusion-fullwidth fullwidth-box fusion-builder-row-3 fusion-flex-container fusion-parallax-none hundred-percent-fullwidth non-hundred-percent-height-scrolling lazyload\" style=\"--awb-background-position:right center;--awb-border-radius-top-left:0px;--awb-border-radius-top-right:0px;--awb-border-radius-bottom-right:0px;--awb-border-radius-bottom-left:0px;--awb-padding-top:4%;--awb-padding-right:7%;--awb-padding-bottom:4%;--awb-padding-left:7%;--awb-background-color:var(--awb-color5);--awb-background-image:linear-gradient(180deg, rgba(83,44,8,0.38) 0%,rgba(83,44,8,0.59) 100%);;--awb-background-size:cover;--awb-flex-wrap:wrap;\" data-bg=\"https:\/\/debosc.compsaonline.es\/wp-content\/uploads\/2024\/06\/pollastres-bosc2.jpg\" data-bg-gradient=\"linear-gradient(180deg, rgba(83,44,8,0.38) 0%,rgba(83,44,8,0.59) 100%)\" ><div class=\"fusion-builder-row fusion-row fusion-flex-align-items-flex-start fusion-flex-content-wrap\" style=\"width:calc( 100% + 0px ) !important;max-width:calc( 100% + 0px ) !important;margin-left: calc(-0px \/ 2 );margin-right: calc(-0px \/ 2 );\"><div class=\"fusion-layout-column fusion_builder_column fusion-builder-column-2 fusion_builder_column_3_5 3_5 fusion-flex-column fusion-animated\" style=\"--awb-bg-size:cover;--awb-width-large:60%;--awb-margin-top-large:30px;--awb-spacing-right-large:calc( 0.05 * calc( 100% - 0px ) );--awb-margin-bottom-large:40px;--awb-spacing-left-large:0px;--awb-width-medium:100%;--awb-spacing-right-medium:0px;--awb-spacing-left-medium:0px;--awb-width-small:100%;--awb-spacing-right-small:0px;--awb-spacing-left-small:0px;\" data-animationType=\"fadeIn\" data-animationDuration=\"1.0\" data-animationOffset=\"top-into-view\"><div class=\"fusion-column-wrapper fusion-column-has-shadow fusion-flex-justify-content-flex-start fusion-content-layout-column\"><div class=\"fusion-title title fusion-title-2 fusion-sep-none fusion-title-text fusion-title-size-six\" style=\"--awb-text-color:hsla(var(--awb-color1-h),var(--awb-color1-s),var(--awb-color1-l),calc( var(--awb-color1-a) - 30% ));\"><h6 class=\"fusion-title-heading title-heading-left fusion-responsive-typography-calculated\" style=\"margin:0;text-transform:var(--awb-typography2-text-transform);--fontSize:12;--minFontSize:12;line-height:1.5;\"><span style=\"vertical-align: inherit;\"><span style=\"vertical-align: inherit;\">Env\u00edos y recogidas<\/span><\/span><\/h6><\/div><div class=\"fusion-title title fusion-title-3 fusion-sep-none fusion-title-text fusion-title-size-two\" style=\"--awb-text-color:var(--awb-color1);--awb-font-size:48px;\"><h2 class=\"fusion-title-heading title-heading-left fusion-responsive-typography-calculated\" style=\"margin:0;font-size:1em;--fontSize:48;line-height:1.26;\"><span style=\"vertical-align: inherit;\"><span style=\"vertical-align: inherit;\">\u00a1Te enviamos el pedido a casa o, si lo prefieres, al trabajo!<\/span><\/span><\/h2><\/div><div class=\"fusion-text fusion-text-2\" style=\"--awb-text-color:var(--awb-color1);\"><p><span style=\"vertical-align: inherit;\"><span style=\"vertical-align: inherit;\">Todos los env\u00edos se realizan con furg\u00f3n frigor\u00edfico. \u00a1El pedido lo recibir\u00e1s fresco!<\/span><\/span><\/p>\n<\/div><div ><a class=\"fusion-button button-flat button-xlarge button-custom fusion-button-default button-2 fusion-button-default-span fusion-button-default-type\" style=\"--button_accent_color:var(--awb-color5);--button_accent_hover_color:var(--awb-color1);--button_border_hover_color:var(--awb-color1);--button_border_width-top:0px;--button_border_width-right:0px;--button_border_width-bottom:0px;--button_border_width-left:0px;--button_gradient_top_color:var(--awb-color1);--button_gradient_bottom_color:var(--awb-color1);--button_gradient_top_color_hover:var(--awb-color5);--button_gradient_bottom_color_hover:var(--awb-color5);\" target=\"_self\" href=\"\/es\/tienda\"><span class=\"fusion-button-text\">\u00a1Haz tu pedido aqu\u00ed!<\/span><\/a><\/div><\/div><\/div><\/div><\/div>\n<\/p>\n","protected":false},"excerpt":{"rendered":"","protected":false},"author":1,"featured_media":0,"parent":0,"menu_order":0,"comment_status":"closed","ping_status":"closed","template":"100-width.php","meta":{"footnotes":""},"class_list":["post-3518","page","type-page","status-publish","hentry"],"yoast_head":"<!-- This site is optimized with the Yoast SEO plugin v25.0 - https:\/\/yoast.com\/wordpress\/plugins\/seo\/ -->\n<title>Condiciones de Venta - Debosc - Agroecologia conscient<\/title>\n<meta name=\"robots\" content=\"index, follow, max-snippet:-1, max-image-preview:large, max-video-preview:-1\" \/>\n<link rel=\"canonical\" href=\"https:\/\/www.comprarpollastreecologic.com\/es\/condiciones-de-venta\/\" \/>\n<meta property=\"og:locale\" content=\"es_ES\" \/>\n<meta property=\"og:type\" content=\"article\" \/>\n<meta property=\"og:title\" content=\"Condiciones de Venta - Debosc - Agroecologia conscient\" \/>\n<meta property=\"og:url\" content=\"https:\/\/www.comprarpollastreecologic.com\/es\/condiciones-de-venta\/\" \/>\n<meta property=\"og:site_name\" content=\"Debosc - Agroecologia conscient\" \/>\n<meta property=\"article:modified_time\" content=\"2026-03-12T15:05:47+00:00\" \/>\n<meta name=\"twitter:card\" content=\"summary_large_image\" \/>\n<meta name=\"twitter:label1\" content=\"Tiempo de lectura\" \/>\n\t<meta name=\"twitter:data1\" content=\"3 minutos\" \/>\n<script type=\"application\/ld+json\" class=\"yoast-schema-graph\">{\"@context\":\"https:\/\/schema.org\",\"@graph\":[{\"@type\":\"WebPage\",\"@id\":\"https:\/\/www.comprarpollastreecologic.com\/es\/condiciones-de-venta\/\",\"url\":\"https:\/\/www.comprarpollastreecologic.com\/es\/condiciones-de-venta\/\",\"name\":\"Condiciones de Venta - Debosc - Agroecologia conscient\",\"isPartOf\":{\"@id\":\"https:\/\/www.comprarpollastreecologic.com\/#website\"},\"datePublished\":\"2024-08-20T07:55:17+00:00\",\"dateModified\":\"2026-03-12T15:05:47+00:00\",\"breadcrumb\":{\"@id\":\"https:\/\/www.comprarpollastreecologic.com\/es\/condiciones-de-venta\/#breadcrumb\"},\"inLanguage\":\"es\",\"potentialAction\":[{\"@type\":\"ReadAction\",\"target\":[\"https:\/\/www.comprarpollastreecologic.com\/es\/condiciones-de-venta\/\"]}]},{\"@type\":\"BreadcrumbList\",\"@id\":\"https:\/\/www.comprarpollastreecologic.com\/es\/condiciones-de-venta\/#breadcrumb\",\"itemListElement\":[{\"@type\":\"ListItem\",\"position\":1,\"name\":\"Inici\",\"item\":\"https:\/\/www.comprarpollastreecologic.com\/es\/home\/\"},{\"@type\":\"ListItem\",\"position\":2,\"name\":\"Condiciones de Venta\"}]},{\"@type\":\"WebSite\",\"@id\":\"https:\/\/www.comprarpollastreecologic.com\/#website\",\"url\":\"https:\/\/www.comprarpollastreecologic.com\/\",\"name\":\"Debosc - Agroecologia conscient\",\"description\":\"Pollastres ecol\u00f2gics criats dins del bosc\",\"potentialAction\":[{\"@type\":\"SearchAction\",\"target\":{\"@type\":\"EntryPoint\",\"urlTemplate\":\"https:\/\/www.comprarpollastreecologic.com\/?s={search_term_string}\"},\"query-input\":{\"@type\":\"PropertyValueSpecification\",\"valueRequired\":true,\"valueName\":\"search_term_string\"}}],\"inLanguage\":\"es\"}]}<\/script>\n<!-- \/ Yoast SEO plugin. -->","yoast_head_json":{"title":"Condiciones de Venta - Debosc - Agroecologia conscient","robots":{"index":"index","follow":"follow","max-snippet":"max-snippet:-1","max-image-preview":"max-image-preview:large","max-video-preview":"max-video-preview:-1"},"canonical":"https:\/\/www.comprarpollastreecologic.com\/es\/condiciones-de-venta\/","og_locale":"es_ES","og_type":"article","og_title":"Condiciones de Venta - Debosc - Agroecologia conscient","og_url":"https:\/\/www.comprarpollastreecologic.com\/es\/condiciones-de-venta\/","og_site_name":"Debosc - Agroecologia conscient","article_modified_time":"2026-03-12T15:05:47+00:00","twitter_card":"summary_large_image","twitter_misc":{"Tiempo de lectura":"3 minutos"},"schema":{"@context":"https:\/\/schema.org","@graph":[{"@type":"WebPage","@id":"https:\/\/www.comprarpollastreecologic.com\/es\/condiciones-de-venta\/","url":"https:\/\/www.comprarpollastreecologic.com\/es\/condiciones-de-venta\/","name":"Condiciones de Venta - Debosc - Agroecologia conscient","isPartOf":{"@id":"https:\/\/www.comprarpollastreecologic.com\/#website"},"datePublished":"2024-08-20T07:55:17+00:00","dateModified":"2026-03-12T15:05:47+00:00","breadcrumb":{"@id":"https:\/\/www.comprarpollastreecologic.com\/es\/condiciones-de-venta\/#breadcrumb"},"inLanguage":"es","potentialAction":[{"@type":"ReadAction","target":["https:\/\/www.comprarpollastreecologic.com\/es\/condiciones-de-venta\/"]}]},{"@type":"BreadcrumbList","@id":"https:\/\/www.comprarpollastreecologic.com\/es\/condiciones-de-venta\/#breadcrumb","itemListElement":[{"@type":"ListItem","position":1,"name":"Inici","item":"https:\/\/www.comprarpollastreecologic.com\/es\/home\/"},{"@type":"ListItem","position":2,"name":"Condiciones de Venta"}]},{"@type":"WebSite","@id":"https:\/\/www.comprarpollastreecologic.com\/#website","url":"https:\/\/www.comprarpollastreecologic.com\/","name":"Debosc - Agroecologia conscient","description":"Pollastres ecol\u00f2gics criats dins del bosc","potentialAction":[{"@type":"SearchAction","target":{"@type":"EntryPoint","urlTemplate":"https:\/\/www.comprarpollastreecologic.com\/?s={search_term_string}"},"query-input":{"@type":"PropertyValueSpecification","valueRequired":true,"valueName":"search_term_string"}}],"inLanguage":"es"}]}},"_links":{"self":[{"href":"https:\/\/www.comprarpollastreecologic.com\/es\/wp-json\/wp\/v2\/pages\/3518","targetHints":{"allow":["GET"]}}],"collection":[{"href":"https:\/\/www.comprarpollastreecologic.com\/es\/wp-json\/wp\/v2\/pages"}],"about":[{"href":"https:\/\/www.comprarpollastreecologic.com\/es\/wp-json\/wp\/v2\/types\/page"}],"author":[{"embeddable":true,"href":"https:\/\/www.comprarpollastreecologic.com\/es\/wp-json\/wp\/v2\/users\/1"}],"replies":[{"embeddable":true,"href":"https:\/\/www.comprarpollastreecologic.com\/es\/wp-json\/wp\/v2\/comments?post=3518"}],"version-history":[{"count":4,"href":"https:\/\/www.comprarpollastreecologic.com\/es\/wp-json\/wp\/v2\/pages\/3518\/revisions"}],"predecessor-version":[{"id":4309,"href":"https:\/\/www.comprarpollastreecologic.com\/es\/wp-json\/wp\/v2\/pages\/3518\/revisions\/4309"}],"wp:attachment":[{"href":"https:\/\/www.comprarpollastreecologic.com\/es\/wp-json\/wp\/v2\/media?parent=3518"}],"curies":[{"name":"wp","href":"https:\/\/api.w.org\/{rel}","templated":true}]}}